{"id":2142,"date":"2023-11-25T07:37:53","date_gmt":"2023-11-25T07:37:53","guid":{"rendered":"https:\/\/elitehostingeurope.com\/?page_id=2142"},"modified":"2024-05-01T06:50:25","modified_gmt":"2024-05-01T06:50:25","slug":"plugin-wordpress-pour-houzez-synchronisation-avec-apimo","status":"publish","type":"page","link":"https:\/\/elitehostingeurope.com\/zh\/%e7%94%a8%e4%ba%8e%e4%bd%bf%e7%94%a8-apimo-%e5%90%8c%e6%ad%a5%e7%9a%84-wordpress-%e6%8f%92%e4%bb%b6\/","title":{"rendered":"Houzez \u7684 WordPress \u63d2\u4ef6\uff1a\u4e0e APIMO \u540c\u6b65"},"content":{"rendered":"<div data-elementor-type=\"wp-page\" data-elementor-id=\"2142\" class=\"elementor elementor-2142\" data-elementor-post-type=\"page\">\n\t\t\t\t\t\t<section class=\"elementor-section elementor-top-section elementor-element elementor-element-47aabe1 elementor-section-boxed elementor-section-height-default elementor-section-height-default\" data-id=\"47aabe1\" data-element_type=\"section\">\n\t\t\t\t\t\t<div class=\"elementor-container elementor-column-gap-default\">\n\t\t\t\t\t<div class=\"elementor-column elementor-col-33 elementor-top-column elementor-element elementor-element-aef7b48\" data-id=\"aef7b48\" data-element_type=\"column\">\n\t\t\t<div class=\"elementor-widget-wrap\">\n\t\t\t\t\t\t\t<\/div>\n\t\t<\/div>\n\t\t\t\t<div class=\"elementor-column elementor-col-33 elementor-top-column elementor-element elementor-element-fd630d8\" data-id=\"fd630d8\" data-element_type=\"column\">\n\t\t\t<div class=\"elementor-widget-wrap elementor-element-populated\">\n\t\t\t\t\t\t<div class=\"elementor-element elementor-element-750b3b2 elementor-widget elementor-widget-image\" data-id=\"750b3b2\" data-element_type=\"widget\" data-widget_type=\"image.default\">\n\t\t\t\t<div class=\"elementor-widget-container\">\n\t\t\t<style>\/*! elementor - v3.22.0 - 26-06-2024 *\/\n.elementor-widget-image{text-align:center}.elementor-widget-image a{display:inline-block}.elementor-widget-image a img[src$=\".svg\"]{width:48px}.elementor-widget-image img{vertical-align:middle;display:inline-block}<\/style>\t\t\t\t\t\t\t\t\t\t\t<a href=\"https:\/\/buy.stripe.com\/00g9E9cDC6gq76w5kz\" target=\"_blank\" rel=\"noopener\">\n\t\t\t\t\t\t\t<img decoding=\"async\" width=\"200\" height=\"200\" src=\"https:\/\/elitehostingeurope.com\/wp-content\/uploads\/2023\/11\/images.jpeg\" class=\"attachment-large size-large wp-image-2141\" alt=\"\" srcset=\"https:\/\/elitehostingeurope.com\/wp-content\/uploads\/2023\/11\/images.jpeg 200w, https:\/\/elitehostingeurope.com\/wp-content\/uploads\/2023\/11\/images-150x150.jpeg 150w, https:\/\/elitehostingeurope.com\/wp-content\/uploads\/2023\/11\/images-12x12.jpeg 12w, https:\/\/elitehostingeurope.com\/wp-content\/uploads\/2023\/11\/images-100x100.jpeg 100w\" sizes=\"(max-width: 200px) 100vw, 200px\" \/>\t\t\t\t\t\t\t\t<\/a>\n\t\t\t\t\t\t\t\t\t\t\t\t\t<\/div>\n\t\t\t\t<\/div>\n\t\t\t\t\t<\/div>\n\t\t<\/div>\n\t\t\t\t<div class=\"elementor-column elementor-col-33 elementor-top-column elementor-element elementor-element-cf199c5\" data-id=\"cf199c5\" data-element_type=\"column\">\n\t\t\t<div class=\"elementor-widget-wrap\">\n\t\t\t\t\t\t\t<\/div>\n\t\t<\/div>\n\t\t\t\t\t<\/div>\n\t\t<\/section>\n\t\t\t\t<section class=\"elementor-section elementor-top-section elementor-element elementor-element-653895d elementor-section-boxed elementor-section-height-default elementor-section-height-default\" data-id=\"653895d\" data-element_type=\"section\">\n\t\t\t\t\t\t<div class=\"elementor-container elementor-column-gap-default\">\n\t\t\t\t\t<div class=\"elementor-column elementor-col-100 elementor-top-column elementor-element elementor-element-c671ced\" data-id=\"c671ced\" data-element_type=\"column\">\n\t\t\t<div class=\"elementor-widget-wrap elementor-element-populated\">\n\t\t\t\t\t\t<div class=\"elementor-element elementor-element-0180f93 elementor-widget elementor-widget-text-editor\" data-id=\"0180f93\" data-element_type=\"widget\" data-widget_type=\"text-editor.default\">\n\t\t\t\t<div class=\"elementor-widget-container\">\n\t\t\t<style>\/*! elementor - v3.22.0 - 26-06-2024 *\/\n.elementor-widget-text-editor.elementor-drop-cap-view-stacked .elementor-drop-cap{background-color:#69727d;color:#fff}.elementor-widget-text-editor.elementor-drop-cap-view-framed .elementor-drop-cap{color:#69727d;border:3px solid;background-color:transparent}.elementor-widget-text-editor:not(.elementor-drop-cap-view-default) .elementor-drop-cap{margin-top:8px}.elementor-widget-text-editor:not(.elementor-drop-cap-view-default) .elementor-drop-cap-letter{width:1em;height:1em}.elementor-widget-text-editor .elementor-drop-cap{float:left;text-align:center;line-height:1;font-size:50px}.elementor-widget-text-editor .elementor-drop-cap-letter{display:inline-block}<\/style>\t\t\t\t<p style=\"text-align: center;\"><strong>WordPress pour Houzez \u63d2\u4ef6\uff1a\u540c\u6b65 avec APIMO<\/strong><\/p><p>\u00a0<\/p><p style=\"text-align: center;\">SyncPro APIMO \u5012\u80e1\u6cfd\u65af<\/p><p><strong>\u63cf\u8ff0 \uff1a<\/strong><\/p><p>SyncPro APIMO \u662f Houzez \u7684\u63d2\u4ef6\uff0c\u662f WordPress \u9769\u547d\u7684\u4e00\u90e8\u5206\uff0c\u4e13\u95e8\u9488\u5bf9 Houzez \u56fa\u5b9a\u4e3b\u9898\u7684\u4f7f\u7528\u8005\u3002\u8be5\u63d2\u4ef6\u63d0\u4f9b\u4e86\u5b8c\u6574\u7684\u540c\u6b65\u5668\u81ea\u52a8\u5316\u89e3\u51b3\u65b9\u6848\uff0c\u53ef\u901a\u8fc7 Houzez \u7684 WordPress \u7f51\u7ad9\u7684 APIMO \u6307\u4ee4\u6765\u5b9e\u73b0\u56fa\u5b9a\u4e0d\u52a8\u7684\u5c5e\u6027\u5217\u8868\u3002<\/p><p><strong>\u529f\u80fd\u7279\u70b9\uff1a<\/strong><\/p><ol><li>\u81ea\u52a8\u540c\u6b65\uff1a\u8be5\u63d2\u4ef6\u53ef\u81ea\u52a8\u540c\u6b65\u60a8\u7684\u7f51\u7ad9\u4e0a\u7684 APIMO \u5c5e\u6027\u5217\u8868\uff0c\u786e\u4fdd\u60a8\u53ef\u4ee5\u968f\u65f6\u53d1\u5e03\u6700\u65b0\u6d88\u606f\u3002<\/li><li>Mise \u00e0 jour en Temps R\u00e9el \uff1a\u5728 APIMO \u4e0a\u8fdb\u884c\u7684\u4fee\u6539\uff08\u4ef7\u683c\u3001\u63cf\u8ff0\u3001\u56fe\u50cf\u7b49\uff09\u5728\u6295\u7968\u7f51\u7ad9\u4e0a\u7acb\u5373\u53cd\u6620\u3002<\/li><li>\u7ba1\u7406\u5de5\u5177\uff1aG\u00e9rez toutes vos propri\u00e9t\u00e9s depuis l&#039;interface APIMO\uff0cet voyez les Changements se refl\u00e9ter automatiquement sur votre site.<\/li><li>\u4e0e Houzez \u7684\u603b\u4f53\u517c\u5bb9\u6027\uff1a\u5728\u4f7f\u7528 Houzez \u4e3b\u9898\u65f6\u4e0d\u4f1a\u51fa\u73b0\u4efb\u4f55\u95ee\u9898\uff0c\u4fdd\u8bc1\u5b8c\u7f8e\u96c6\u6210\u548c\u6700\u4f73\u4f7f\u7528\u4f53\u9a8c\u3002<\/li><li>\u8fdb\u53e3\u5546\u7684\u4e2a\u6027\u5316\uff1a\u9009\u62e9 APIMO \u8fdb\u53e3\u5546\u7684\u6240\u6709\u6743\uff08\u7167\u7247\u3001\u7279\u6027\u3001\u672c\u5730\u5316\u7b49\uff09\u3002<\/li><li>\u652f\u6301\u591a\u8bed\u8a00\uff1a\u63d2\u4ef6\u652f\u6301\u591a\u79cd\u8bed\u8a00\uff0c\u6c38\u4e45\u652f\u6301\u5168\u7403\u901a\u7528\u8bed\u8a00\u3002<\/li><li>\u4f18\u5316 SEO\uff1a\u7ed3\u5408 SEO \u53cb\u597d\u7684\u539f\u5219\uff0c\u786e\u4fdd\u7814\u7a76\u4e2d\u7684\u56fa\u5b9a\u4e0d\u52a8\u7684\u6700\u4f73\u53ef\u89c1\u6027\u3002<\/li><li>\u6bcf\u65e5\u5e2e\u52a9\u548c\u7ba1\u7406\uff1a\u4e3a\u786e\u4fdd WordPress \u548c Houzez \u6700\u65b0\u7248\u672c\u7684\u517c\u5bb9\u6027\u800c\u63d0\u4f9b\u6bcf\u65e5\u5e2e\u52a9\u548c\u7ba1\u7406\u3002<\/li><\/ol><p>\u7406\u60f3\u5012\u9152\uff1a<\/p><p>\u2013 \u4f7f\u7528 APIMO \u7684\u56fa\u5b9a\u673a\u6784\u548c\u5728 WordPress \u7f51\u7ad9\u4e0a\u4fdd\u6301\u5b58\u5728\u72b6\u6001\u7684\u673a\u6784\u3002<\/p><p>\u2013 \u4e13\u4e1a\u7684\u56fa\u5b9a\u88c5\u7f6e\u89e3\u51b3\u65b9\u6848\u81ea\u52a8\u5316\u7ef4\u62a4\u5217\u8868\u3002<\/p><p>Avec SyncPro APIMO \u4e3a Houzez \u63d0\u4f9b\u4e86\u5f3a\u5927\u7684\u529f\u80fd\u548c\u529f\u6548\uff0c\u4e3a\u5ba2\u6237\u63d0\u4f9b\u4e86\u826f\u597d\u7684\u4f7f\u7528\u4f53\u9a8c\uff0c\u8ba9\u5ba2\u6237\u62e5\u6709\u6700\u5927\u7684\u5b58\u5728\u611f\u3002<\/p>\t\t\t\t\t\t<\/div>\n\t\t\t\t<\/div>\n\t\t\t\t\t<\/div>\n\t\t<\/div>\n\t\t\t\t\t<\/div>\n\t\t<\/section>\n\t\t\t\t<section class=\"elementor-section elementor-top-section elementor-element elementor-element-e6d5f52 elementor-section-boxed elementor-section-height-default elementor-section-height-default\" data-id=\"e6d5f52\" data-element_type=\"section\">\n\t\t\t\t\t\t<div class=\"elementor-container elementor-column-gap-default\">\n\t\t\t\t\t<div class=\"elementor-column elementor-col-33 elementor-top-column elementor-element elementor-element-d6a5186\" data-id=\"d6a5186\" data-element_type=\"column\">\n\t\t\t<div class=\"elementor-widget-wrap\">\n\t\t\t\t\t\t\t<\/div>\n\t\t<\/div>\n\t\t\t\t<div class=\"elementor-column elementor-col-33 elementor-top-column elementor-element elementor-element-fab23d4\" data-id=\"fab23d4\" data-element_type=\"column\">\n\t\t\t<div class=\"elementor-widget-wrap elementor-element-populated\">\n\t\t\t\t\t\t<div class=\"elementor-element elementor-element-5c08355 elementor-grid-1 elementor-grid-tablet-3 elementor-grid-mobile-2 elementor-products-grid elementor-wc-products elementor-widget elementor-widget-woocommerce-products\" data-id=\"5c08355\" data-element_type=\"widget\" data-widget_type=\"woocommerce-products.default\">\n\t\t\t\t<div class=\"elementor-widget-container\">\n\t\t\t<link rel=\"stylesheet\" href=\"https:\/\/elitehostingeurope.com\/wp-content\/plugins\/elementor-pro\/assets\/css\/widget-woocommerce.min.css\"><div class=\"woocommerce columns-1\"><ul class=\"products elementor-grid columns-1\">\n<li class=\"product type-product post-2240 status-publish first instock product_cat-plugin product_tag-apimo product_tag-houzez has-post-thumbnail downloadable virtual purchasable product-type-simple\">\n\t<a href=\"https:\/\/elitehostingeurope.com\/zh\/shop\/apimo-sync-houzez\/\" class=\"woocommerce-LoopProduct-link woocommerce-loop-product__link\"><img decoding=\"async\" width=\"200\" height=\"200\" src=\"https:\/\/elitehostingeurope.com\/wp-content\/uploads\/2023\/11\/images.jpeg\" class=\"attachment-woocommerce_thumbnail size-woocommerce_thumbnail\" alt=\"\" srcset=\"https:\/\/elitehostingeurope.com\/wp-content\/uploads\/2023\/11\/images.jpeg 200w, https:\/\/elitehostingeurope.com\/wp-content\/uploads\/2023\/11\/images-150x150.jpeg 150w, https:\/\/elitehostingeurope.com\/wp-content\/uploads\/2023\/11\/images-12x12.jpeg 12w, https:\/\/elitehostingeurope.com\/wp-content\/uploads\/2023\/11\/images-100x100.jpeg 100w\" sizes=\"(max-width: 200px) 100vw, 200px\" \/><h2 class=\"woocommerce-loop-product__title\">APIMO SYNC HOUZEZ<\/h2>\n\t<span class=\"price\"><span class=\"woocommerce-Price-amount amount\"><bdi><span class=\"woocommerce-Price-currencySymbol\">\u20ac<\/span>199.00<\/bdi><\/span><\/span>\n<\/a><a href=\"?add-to-cart=2240\" aria-describedby=\"woocommerce_loop_add_to_cart_link_describedby_2240\" data-quantity=\"1\" class=\"button product_type_simple add_to_cart_button ajax_add_to_cart\" data-product_id=\"2240\" data-product_sku=\"\" aria-label=\"\u6dfb\u52a0\u5230\u8d2d\u7269\u8f66\uff1a\u201cAPIMO SYNC HOUZEZ\u201d\" rel=\"nofollow\" data-no-translation=\"\" data-trp-gettext=\"\" data-no-translation-aria-label=\"\">\u52a0\u5165\u8d2d\u7269\u8f66<\/a><span id=\"woocommerce_loop_add_to_cart_link_describedby_2240\" class=\"screen-reader-text\">\n\t<\/span>\n<\/li>\n<\/ul>\n<\/div>\t\t<\/div>\n\t\t\t\t<\/div>\n\t\t\t\t\t<\/div>\n\t\t<\/div>\n\t\t\t\t<div class=\"elementor-column elementor-col-33 elementor-top-column elementor-element elementor-element-395929d\" data-id=\"395929d\" data-element_type=\"column\">\n\t\t\t<div class=\"elementor-widget-wrap\">\n\t\t\t\t\t\t\t<\/div>\n\t\t<\/div>\n\t\t\t\t\t<\/div>\n\t\t<\/section>\n\t\t\t\t<\/div>","protected":false},"excerpt":{"rendered":"<p>\u7528\u4e8e Houzez \u7684 WordPress \u63d2\u4ef6\uff1a\u4f7f\u7528 APIMO SyncPro APIMO \u7528\u4e8e Houzez \u7684\u540c\u6b65\u63cf\u8ff0\uff1aSyncPro APIMO \u7528\u4e8e Houzez \u662f\u4e00\u4e2a\u9769\u547d\u6027\u7684 WordPress \u63d2\u4ef6\uff0c\u7279\u522b\u9002\u7528\u4e8e Houzez \u56fa\u5b9a\u4e3b\u9898\u7684\u4f7f\u7528\u8005\u3002\u8be5\u63d2\u4ef6\u63d0\u4f9b\u4e86\u4e00\u4e2a\u5b8c\u6574\u7684\u89e3\u51b3\u65b9\u6848\uff0c\u53ef\u4ee5\u81ea\u52a8\u540c\u6b65\u60a8\u7f51\u7ad9\u4e0a\u5217\u51fa\u7684\u6240\u6709\u4e0d\u52a8\u4ea7\uff0c\u8fd9\u4e9b\u4e0d\u52a8\u4ea7\u76f4\u63a5\u5728\u60a8\u7684 WordPress \u7f51\u7ad9\u4e0a\u4f7f\u7528 APIMO [...]<\/p>","protected":false},"author":1,"featured_media":2141,"parent":0,"menu_order":0,"comment_status":"closed","ping_status":"closed","template":"","meta":{"footnotes":""},"class_list":["post-2142","page","type-page","status-publish","has-post-thumbnail","hentry"],"jetpack_sharing_enabled":true,"_links":{"self":[{"href":"https:\/\/elitehostingeurope.com\/zh\/wp-json\/wp\/v2\/pages\/2142","targetHints":{"allow":["GET"]}}],"collection":[{"href":"https:\/\/elitehostingeurope.com\/zh\/wp-json\/wp\/v2\/pages"}],"about":[{"href":"https:\/\/elitehostingeurope.com\/zh\/wp-json\/wp\/v2\/types\/page"}],"author":[{"embeddable":true,"href":"https:\/\/elitehostingeurope.com\/zh\/wp-json\/wp\/v2\/users\/1"}],"replies":[{"embeddable":true,"href":"https:\/\/elitehostingeurope.com\/zh\/wp-json\/wp\/v2\/comments?post=2142"}],"version-history":[{"count":43,"href":"https:\/\/elitehostingeurope.com\/zh\/wp-json\/wp\/v2\/pages\/2142\/revisions"}],"predecessor-version":[{"id":2245,"href":"https:\/\/elitehostingeurope.com\/zh\/wp-json\/wp\/v2\/pages\/2142\/revisions\/2245"}],"wp:featuredmedia":[{"embeddable":true,"href":"https:\/\/elitehostingeurope.com\/zh\/wp-json\/wp\/v2\/media\/2141"}],"wp:attachment":[{"href":"https:\/\/elitehostingeurope.com\/zh\/wp-json\/wp\/v2\/media?parent=2142"}],"curies":[{"name":"wp","href":"https:\/\/api.w.org\/{rel}","templated":true}]}}