{"id":583,"date":"2020-12-17T00:34:55","date_gmt":"2020-12-17T00:34:55","guid":{"rendered":"https:\/\/phox.whmcsdes.com\/shiny\/?page_id=583"},"modified":"2022-12-30T15:06:26","modified_gmt":"2022-12-30T15:06:26","slug":"about-us","status":"publish","type":"page","link":"https:\/\/elitehostingeurope.com\/fr\/a-propos-de-nous\/","title":{"rendered":"\u00c0 propos"},"content":{"rendered":"<div data-elementor-type=\"wp-page\" data-elementor-id=\"583\" class=\"elementor elementor-583\" data-elementor-post-type=\"page\">\n\t\t\t\t\t\t<section class=\"elementor-section elementor-top-section elementor-element elementor-element-f2a3e2e elementor-section-boxed elementor-section-height-default elementor-section-height-default\" data-id=\"f2a3e2e\" data-element_type=\"section\" data-settings=\"{&quot;background_background&quot;:&quot;classic&quot;,&quot;shape_divider_bottom&quot;:&quot;tilt&quot;}\">\n\t\t\t\t\t\t\t<div class=\"elementor-background-overlay\"><\/div>\n\t\t\t\t\t\t<div class=\"elementor-shape elementor-shape-bottom\" data-negative=\"false\">\n\t\t\t<svg xmlns=\"http:\/\/www.w3.org\/2000\/svg\" viewbox=\"0 0 1000 100\" preserveaspectratio=\"none\">\n\t<path class=\"elementor-shape-fill\" d=\"M0,6V0h1000v100L0,6z\"\/>\n<\/svg>\t\t<\/div>\n\t\t\t\t\t<div class=\"elementor-container elementor-column-gap-default\">\n\t\t\t\t\t<div class=\"elementor-column elementor-col-50 elementor-top-column elementor-element elementor-element-cae9c0d\" data-id=\"cae9c0d\" data-element_type=\"column\">\n\t\t\t<div class=\"elementor-widget-wrap elementor-element-populated\">\n\t\t\t\t\t\t<div class=\"elementor-element elementor-element-171770f elementor-widget elementor-widget-wdes-section-header-widget\" data-id=\"171770f\" data-element_type=\"widget\" data-widget_type=\"wdes-section-header-widget.default\">\n\t\t\t\t<div class=\"elementor-widget-container\">\n\t\t\t<section class=\"widget-content wdes-widget-section-header\"><div class=\"wdes-widget-inner wdes-text-align-left\"><h1 class=\"wdes-section-header-primary\">Nous construisons le web moderne<\/h1><div class=\"wdes-section-header-description\">Vous avez d\u00e9j\u00e0 un site Web ? Donnez-lui la maison qu&#039;il m\u00e9rite. Avec des temps de chargement parmi les meilleurs de l&#039;industrie.<\/div><\/div><\/section>\t\t<\/div>\n\t\t\t\t<\/div>\n\t\t\t\t\t<\/div>\n\t\t<\/div>\n\t\t\t\t<div class=\"elementor-column elementor-col-50 elementor-top-column elementor-element elementor-element-8626b6e\" data-id=\"8626b6e\" data-element_type=\"column\">\n\t\t\t<div class=\"elementor-widget-wrap elementor-element-populated\">\n\t\t\t\t\t\t<div class=\"elementor-element elementor-element-143e53e elementor-invisible elementor-widget elementor-widget-image\" data-id=\"143e53e\" data-element_type=\"widget\" data-settings=\"{&quot;_animation&quot;:&quot;fadeInRight&quot;}\" data-widget_type=\"image.default\">\n\t\t\t\t<div class=\"elementor-widget-container\">\n\t\t\t<style>\/*! elementor - v3.22.0 - 26-06-2024 *\/\n.elementor-widget-image{text-align:center}.elementor-widget-image a{display:inline-block}.elementor-widget-image a img[src$=\".svg\"]{width:48px}.elementor-widget-image img{vertical-align:middle;display:inline-block}<\/style>\t\t\t\t\t\t\t\t\t\t<img decoding=\"async\" src=\"https:\/\/elitehostingeurope.com\/wp-content\/uploads\/elementor\/thumbs\/about-pzftxlztxyb9spxcgnpnlxzbgch7j92c99u2928x6o.png\" title=\"sur\" alt=\"sur\" loading=\"lazy\" \/>\t\t\t\t\t\t\t\t\t\t\t\t\t<\/div>\n\t\t\t\t<\/div>\n\t\t\t\t\t<\/div>\n\t\t<\/div>\n\t\t\t\t\t<\/div>\n\t\t<\/section>\n\t\t\t\t<section class=\"elementor-section elementor-top-section elementor-element elementor-element-56e0e36 elementor-section-boxed elementor-section-height-default elementor-section-height-default\" data-id=\"56e0e36\" data-element_type=\"section\">\n\t\t\t\t\t\t<div class=\"elementor-container elementor-column-gap-default\">\n\t\t\t\t\t<div class=\"elementor-column elementor-col-25 elementor-top-column elementor-element elementor-element-ad19098\" data-id=\"ad19098\" data-element_type=\"column\">\n\t\t\t<div class=\"elementor-widget-wrap elementor-element-populated\">\n\t\t\t\t\t\t<div class=\"elementor-element elementor-element-5aa6e7a elementor-position-top elementor-widget elementor-widget-image-box\" data-id=\"5aa6e7a\" data-element_type=\"widget\" data-widget_type=\"image-box.default\">\n\t\t\t\t<div class=\"elementor-widget-container\">\n\t\t\t<style>\/*! elementor - v3.22.0 - 26-06-2024 *\/\n.elementor-widget-image-box .elementor-image-box-content{width:100%}@media (min-width:768px){.elementor-widget-image-box.elementor-position-left .elementor-image-box-wrapper,.elementor-widget-image-box.elementor-position-right .elementor-image-box-wrapper{display:flex}.elementor-widget-image-box.elementor-position-right .elementor-image-box-wrapper{text-align:end;flex-direction:row-reverse}.elementor-widget-image-box.elementor-position-left .elementor-image-box-wrapper{text-align:start;flex-direction:row}.elementor-widget-image-box.elementor-position-top .elementor-image-box-img{margin:auto}.elementor-widget-image-box.elementor-vertical-align-top .elementor-image-box-wrapper{align-items:flex-start}.elementor-widget-image-box.elementor-vertical-align-middle .elementor-image-box-wrapper{align-items:center}.elementor-widget-image-box.elementor-vertical-align-bottom .elementor-image-box-wrapper{align-items:flex-end}}@media (max-width:767px){.elementor-widget-image-box .elementor-image-box-img{margin-left:auto!important;margin-right:auto!important;margin-bottom:15px}}.elementor-widget-image-box .elementor-image-box-img{display:inline-block}.elementor-widget-image-box .elementor-image-box-title a{color:inherit}.elementor-widget-image-box .elementor-image-box-wrapper{text-align:center}.elementor-widget-image-box .elementor-image-box-description{margin:0}<\/style><div class=\"elementor-image-box-wrapper\"><figure class=\"elementor-image-box-img\"><a href=\"#\" tabindex=\"-1\"><img decoding=\"async\" src=\"https:\/\/elitehostingeurope.com\/wp-content\/uploads\/elementor\/thumbs\/house-pzftxaprnxtfzpjq30dsy6bqpkj5m5ilb2xbzbauio.png\" title=\"loger\" alt=\"loger\" loading=\"lazy\" \/><\/a><\/figure><div class=\"elementor-image-box-content\"><h3 class=\"elementor-image-box-title\"><a href=\"#\">Explorer les carri\u00e8res<\/a><\/h3><p class=\"elementor-image-box-description\">Trouvez l&#039;emploi de vos r\u00eaves avec nous.<\/p><\/div><\/div>\t\t<\/div>\n\t\t\t\t<\/div>\n\t\t\t\t\t<\/div>\n\t\t<\/div>\n\t\t\t\t<div class=\"elementor-column elementor-col-25 elementor-top-column elementor-element elementor-element-c3fa0e7\" data-id=\"c3fa0e7\" data-element_type=\"column\">\n\t\t\t<div class=\"elementor-widget-wrap elementor-element-populated\">\n\t\t\t\t\t\t<div class=\"elementor-element elementor-element-7265a47 elementor-position-top elementor-widget elementor-widget-image-box\" data-id=\"7265a47\" data-element_type=\"widget\" data-widget_type=\"image-box.default\">\n\t\t\t\t<div class=\"elementor-widget-container\">\n\t\t\t<div class=\"elementor-image-box-wrapper\"><figure class=\"elementor-image-box-img\"><a href=\"https:\/\/elitehostingeurope.com\/creation-website\/\" tabindex=\"-1\"><img decoding=\"async\" src=\"https:\/\/elitehostingeurope.com\/wp-content\/uploads\/elementor\/thumbs\/editing-pzftxlztxy8vv13c959bs3h9u6zk6irdcmr5qmu4g0.png\" title=\"\u00e9dition\" alt=\"\u00e9dition\" loading=\"lazy\" \/><\/a><\/figure><div class=\"elementor-image-box-content\"><h3 class=\"elementor-image-box-title\"><a href=\"https:\/\/elitehostingeurope.com\/creation-website\/\">Infos presse<\/a><\/h3><p class=\"elementor-image-box-description\">Ecrire ou parler de nous ?<\/p><\/div><\/div>\t\t<\/div>\n\t\t\t\t<\/div>\n\t\t\t\t\t<\/div>\n\t\t<\/div>\n\t\t\t\t<div class=\"elementor-column elementor-col-25 elementor-top-column elementor-element elementor-element-d141997\" data-id=\"d141997\" data-element_type=\"column\">\n\t\t\t<div class=\"elementor-widget-wrap elementor-element-populated\">\n\t\t\t\t\t\t<div class=\"elementor-element elementor-element-093ee3f elementor-position-top elementor-widget elementor-widget-image-box\" data-id=\"093ee3f\" data-element_type=\"widget\" data-widget_type=\"image-box.default\">\n\t\t\t\t<div class=\"elementor-widget-container\">\n\t\t\t<div class=\"elementor-image-box-wrapper\"><figure class=\"elementor-image-box-img\"><a href=\"https:\/\/elitehostingeurope.com\/creation-website\/\" tabindex=\"-1\"><img decoding=\"async\" src=\"https:\/\/elitehostingeurope.com\/wp-content\/uploads\/elementor\/thumbs\/maximize-pzftx6yewloap9p6oyrao79wc11ord3nykbe27gf7k.png\" title=\"maximiser\" alt=\"maximiser\" loading=\"lazy\" \/><\/a><\/figure><div class=\"elementor-image-box-content\"><h3 class=\"elementor-image-box-title\"><a href=\"https:\/\/elitehostingeurope.com\/creation-website\/\">D\u00e9couvrez nos travaux<\/a><\/h3><p class=\"elementor-image-box-description\">Explorez toutes choses.<\/p><\/div><\/div>\t\t<\/div>\n\t\t\t\t<\/div>\n\t\t\t\t\t<\/div>\n\t\t<\/div>\n\t\t\t\t<div class=\"elementor-column elementor-col-25 elementor-top-column elementor-element elementor-element-2e70847\" data-id=\"2e70847\" data-element_type=\"column\">\n\t\t\t<div class=\"elementor-widget-wrap elementor-element-populated\">\n\t\t\t\t\t\t<div class=\"elementor-element elementor-element-9244374 elementor-position-top elementor-widget elementor-widget-image-box\" data-id=\"9244374\" data-element_type=\"widget\" data-widget_type=\"image-box.default\">\n\t\t\t\t<div class=\"elementor-widget-container\">\n\t\t\t<div class=\"elementor-image-box-wrapper\"><figure class=\"elementor-image-box-img\"><a href=\"https:\/\/elitehostingeurope.com\/contact-us\/\" tabindex=\"-1\"><img decoding=\"async\" src=\"https:\/\/elitehostingeurope.com\/wp-content\/uploads\/elementor\/thumbs\/goal-1-pzftxaprnxtfzpjq30dsy6bqpkj5m5ilb2xbzbauio.png\" title=\"objectif\" alt=\"objectif\" loading=\"lazy\" \/><\/a><\/figure><div class=\"elementor-image-box-content\"><h3 class=\"elementor-image-box-title\"><a href=\"https:\/\/elitehostingeurope.com\/contact-us\/\">Leadership<\/a><\/h3><p class=\"elementor-image-box-description\">Rencontrez notre \u00e9quipe de direction.<\/p><\/div><\/div>\t\t<\/div>\n\t\t\t\t<\/div>\n\t\t\t\t\t<\/div>\n\t\t<\/div>\n\t\t\t\t\t<\/div>\n\t\t<\/section>\n\t\t\t\t<section class=\"elementor-section elementor-top-section elementor-element elementor-element-e15dd1f elementor-section-boxed elementor-section-height-default elementor-section-height-default\" data-id=\"e15dd1f\" data-element_type=\"section\" data-settings=\"{&quot;background_background&quot;:&quot;classic&quot;,&quot;shape_divider_top&quot;:&quot;tilt&quot;,&quot;shape_divider_bottom&quot;:&quot;tilt&quot;}\">\n\t\t\t\t\t<div class=\"elementor-shape elementor-shape-top\" data-negative=\"false\">\n\t\t\t<svg xmlns=\"http:\/\/www.w3.org\/2000\/svg\" viewbox=\"0 0 1000 100\" preserveaspectratio=\"none\">\n\t<path class=\"elementor-shape-fill\" d=\"M0,6V0h1000v100L0,6z\"\/>\n<\/svg>\t\t<\/div>\n\t\t\t\t<div class=\"elementor-shape elementor-shape-bottom\" data-negative=\"false\">\n\t\t\t<svg xmlns=\"http:\/\/www.w3.org\/2000\/svg\" viewbox=\"0 0 1000 100\" preserveaspectratio=\"none\">\n\t<path class=\"elementor-shape-fill\" d=\"M0,6V0h1000v100L0,6z\"\/>\n<\/svg>\t\t<\/div>\n\t\t\t\t\t<div class=\"elementor-container elementor-column-gap-default\">\n\t\t\t\t\t<div class=\"elementor-column elementor-col-50 elementor-top-column elementor-element elementor-element-1a605e4\" data-id=\"1a605e4\" data-element_type=\"column\">\n\t\t\t<div class=\"elementor-widget-wrap elementor-element-populated\">\n\t\t\t\t\t\t<div class=\"elementor-element elementor-element-213cf5c shiny-demo-domain elementor-widget elementor-widget-wdes-section-header-widget\" data-id=\"213cf5c\" data-element_type=\"widget\" data-widget_type=\"wdes-section-header-widget.default\">\n\t\t\t\t<div class=\"elementor-widget-container\">\n\t\t\t<section class=\"widget-content wdes-widget-section-header\"><div class=\"wdes-widget-inner wdes-text-align-left\"><h1 class=\"wdes-section-header-primary\">Nos Comp\u00e9tences &amp; Expertises<\/h1><div class=\"wdes-section-header-description\">Commencez par d\u00e9finir le probl\u00e8me. Ayez le courage d&#039;aborder un probl\u00e8me sous un angle diff\u00e9rent. Planifiez \u00e0 l&#039;avance, mais agissez de mani\u00e8re d\u00e9cisive. Consid\u00e9rez que l&#039;approche la plus simple est souvent la meilleure.<\/div><\/div><\/section>\t\t<\/div>\n\t\t\t\t<\/div>\n\t\t\t\t<div class=\"elementor-element elementor-element-7944511 elementor-align-left elementor-widget elementor-widget-button\" data-id=\"7944511\" data-element_type=\"widget\" data-widget_type=\"button.default\">\n\t\t\t\t<div class=\"elementor-widget-container\">\n\t\t\t\t\t<div class=\"elementor-button-wrapper\">\n\t\t\t<a class=\"elementor-button elementor-button-link elementor-size-sm\" href=\"https:\/\/elitehostingeurope.com\/creation-website\/\">\n\t\t\t\t\t\t<span class=\"elementor-button-content-wrapper\">\n\t\t\t\t\t\t\t\t\t<span class=\"elementor-button-text\">Voir nos comp\u00e9tences<\/span>\n\t\t\t\t\t<\/span>\n\t\t\t\t\t<\/a>\n\t\t<\/div>\n\t\t\t\t<\/div>\n\t\t\t\t<\/div>\n\t\t\t\t\t<\/div>\n\t\t<\/div>\n\t\t\t\t<div class=\"elementor-column elementor-col-50 elementor-top-column elementor-element elementor-element-d83897d\" data-id=\"d83897d\" data-element_type=\"column\">\n\t\t\t<div class=\"elementor-widget-wrap elementor-element-populated\">\n\t\t\t\t\t\t<div class=\"elementor-element elementor-element-2bef7b6 elementor-widget elementor-widget-progress\" data-id=\"2bef7b6\" data-element_type=\"widget\" data-widget_type=\"progress.default\">\n\t\t\t\t<div class=\"elementor-widget-container\">\n\t\t\t<style>\/*! elementor - v3.22.0 - 26-06-2024 *\/\n.elementor-widget-progress{text-align:start}.elementor-progress-wrapper{position:relative;background-color:#eee;color:#fff;height:100%;border-radius:2px}.elementor-progress-bar{display:flex;background-color:#69727d;width:0;font-size:11px;height:30px;line-height:30px;border-radius:2px;transition:width 1s ease-in-out}.elementor-progress-text{flex-grow:1;white-space:nowrap;text-overflow:ellipsis;overflow:hidden;padding-inline-start:15px}.elementor-progress-percentage{padding-inline-end:15px}.elementor-widget-progress .elementor-progress-wrapper.progress-info .elementor-progress-bar{background-color:#5bc0de}.elementor-widget-progress .elementor-progress-wrapper.progress-success .elementor-progress-bar{background-color:#5cb85c}.elementor-widget-progress .elementor-progress-wrapper.progress-warning .elementor-progress-bar{background-color:#f0ad4e}.elementor-widget-progress .elementor-progress-wrapper.progress-danger .elementor-progress-bar{background-color:#d9534f}.elementor-progress .elementor-title{display:block}@media (max-width:767px){.elementor-progress-text{padding-inline-start:10px}}.e-con-inner .elementor-progress-wrapper,.e-con .elementor-progress-wrapper{height:auto}<\/style>\t\t\t<span class=\"elementor-title\" id=\"elementor-progress-bar-2bef7b6\">\n\t\t\t\tDes m\u00e9dias sociaux\t\t\t<\/span>\n\t\t\n\t\t<div aria-labelledby=\"elementor-progress-bar-2bef7b6\" class=\"elementor-progress-wrapper\" role=\"progressbar\" aria-valuemin=\"0\" aria-valuemax=\"100\" aria-valuenow=\"75\">\n\t\t\t<div class=\"elementor-progress-bar\" data-max=\"75\">\n\t\t\t\t<span class=\"elementor-progress-text\"><\/span>\n\t\t\t\t\t\t\t\t\t<span class=\"elementor-progress-percentage\">75%<\/span>\n\t\t\t\t\t\t\t<\/div>\n\t\t<\/div>\n\t\t\t\t<\/div>\n\t\t\t\t<\/div>\n\t\t\t\t<div class=\"elementor-element elementor-element-a2f7e0b elementor-widget elementor-widget-progress\" data-id=\"a2f7e0b\" data-element_type=\"widget\" data-widget_type=\"progress.default\">\n\t\t\t\t<div class=\"elementor-widget-container\">\n\t\t\t\t\t\t<span class=\"elementor-title\" id=\"elementor-progress-bar-a2f7e0b\">\n\t\t\t\tCodage\t\t\t<\/span>\n\t\t\n\t\t<div aria-labelledby=\"elementor-progress-bar-a2f7e0b\" class=\"elementor-progress-wrapper\" role=\"progressbar\" aria-valuemin=\"0\" aria-valuemax=\"100\" aria-valuenow=\"67\">\n\t\t\t<div class=\"elementor-progress-bar\" data-max=\"67\">\n\t\t\t\t<span class=\"elementor-progress-text\"><\/span>\n\t\t\t\t\t\t\t\t\t<span class=\"elementor-progress-percentage\">67%<\/span>\n\t\t\t\t\t\t\t<\/div>\n\t\t<\/div>\n\t\t\t\t<\/div>\n\t\t\t\t<\/div>\n\t\t\t\t<div class=\"elementor-element elementor-element-65d1917 elementor-widget elementor-widget-progress\" data-id=\"65d1917\" data-element_type=\"widget\" data-widget_type=\"progress.default\">\n\t\t\t\t<div class=\"elementor-widget-container\">\n\t\t\t\t\t\t<span class=\"elementor-title\" id=\"elementor-progress-bar-65d1917\">\n\t\t\t\tCommercialisation\t\t\t<\/span>\n\t\t\n\t\t<div aria-labelledby=\"elementor-progress-bar-65d1917\" class=\"elementor-progress-wrapper\" role=\"progressbar\" aria-valuemin=\"0\" aria-valuemax=\"100\" aria-valuenow=\"93\">\n\t\t\t<div class=\"elementor-progress-bar\" data-max=\"93\">\n\t\t\t\t<span class=\"elementor-progress-text\"><\/span>\n\t\t\t\t\t\t\t\t\t<span class=\"elementor-progress-percentage\">93%<\/span>\n\t\t\t\t\t\t\t<\/div>\n\t\t<\/div>\n\t\t\t\t<\/div>\n\t\t\t\t<\/div>\n\t\t\t\t\t<\/div>\n\t\t<\/div>\n\t\t\t\t\t<\/div>\n\t\t<\/section>\n\t\t\t\t<section class=\"elementor-section elementor-top-section elementor-element elementor-element-4dbb997 elementor-section-boxed elementor-section-height-default elementor-section-height-default\" data-id=\"4dbb997\" data-element_type=\"section\">\n\t\t\t\t\t\t<div class=\"elementor-container elementor-column-gap-default\">\n\t\t\t\t\t<div class=\"elementor-column elementor-col-100 elementor-top-column elementor-element elementor-element-53ed2a9b\" data-id=\"53ed2a9b\" data-element_type=\"column\">\n\t\t\t<div class=\"elementor-widget-wrap elementor-element-populated\">\n\t\t\t\t\t\t<div class=\"elementor-element elementor-element-15adf3b elementor-widget elementor-widget-wdes-section-header-widget\" data-id=\"15adf3b\" data-element_type=\"widget\" data-widget_type=\"wdes-section-header-widget.default\">\n\t\t\t\t<div class=\"elementor-widget-container\">\n\t\t\t<section class=\"widget-content wdes-widget-section-header\"><div class=\"wdes-widget-inner wdes-text-align-center\"><h1 class=\"wdes-section-header-primary\">Nos clients, notre succ\u00e8s<\/h1><\/div><\/section>\t\t<\/div>\n\t\t\t\t<\/div>\n\t\t\t\t<div class=\"elementor-element elementor-element-57751654 elementor-widget elementor-widget-wdes_testimonials\" data-id=\"57751654\" data-element_type=\"widget\" data-widget_type=\"wdes_testimonials.default\">\n\t\t\t\t<div class=\"elementor-widget-container\">\n\t\t\t<div class=\"elementor-wdes_testimonials wdes-testimonials\"><div class=\"wdes-testimonials-instance owl-carousel owl-theme wdes-testimonials-comment-corner\" data-settings=\"{&quot;items&quot;:{&quot;desktop&quot;:3,&quot;tablet&quot;:false,&quot;mobile&quot;:false},&quot;autoplay&quot;:true,&quot;autoplayHoverPause&quot;:false,&quot;autoplaySpeed&quot;:500,&quot;loop&quot;:false,&quot;nav&quot;:true,&quot;dots&quot;:false,&quot;autoHeight&quot;:true,&quot;rtl&quot;:false}\"><div class=\"wdes-testimonials-item\" ><div class=\"wdes-testimonials-item-inner\" ><div class=\"wdes-testimonials-content\" ><div class=\"wdes-testimonials-image\" ><img decoding=\"async\" class=\"wdes-testimonials-image-tag\" src=\"https:\/\/elitehostingeurope.com\/wp-content\/uploads\/2022\/12\/Home-TodaysBoat.png\" alt=\"Accueil-Aujourd&#039;huiBateau\" ><\/div><p class=\"wdes-testimonials-comment\" > <span>Pour un d\u00e9butant total, toute cette exp\u00e9rience a \u00e9t\u00e9 simple et facile. J&#039;ai encore fait quelques erreurs mais leur service client \u00e9tait incroyablement comp\u00e9tent et patient.<\/span><\/p><div class=\"wdes-testimonials-name\" ><span>Manu Skaff<\/span><\/div><div class=\"wdes-testimonials-position\" > <span>Client<\/span><\/div><div class=\"wdes-testimonials-rating\" data-rating=\"5\" > <span><i class=\"active-star fas fa-star\" aria-hidden=\"true\" ><\/i><i class=\"active-star fas fa-star\" aria-hidden=\"true\" ><\/i><i class=\"active-star fas fa-star\" aria-hidden=\"true\" ><\/i><i class=\"active-star fas fa-star\" aria-hidden=\"true\" ><\/i><i class=\"active-star fas fa-star\" aria-hidden=\"true\" ><\/i><\/span><\/div><\/div><\/div><\/div><div class=\"wdes-testimonials-item\" ><div class=\"wdes-testimonials-item-inner\" ><div class=\"wdes-testimonials-content\" ><div class=\"wdes-testimonials-image\" ><img decoding=\"async\" class=\"wdes-testimonials-image-tag\" src=\"https:\/\/elitehostingeurope.com\/wp-content\/uploads\/2022\/12\/Eliane-Adoul-Cannes-DIVORCE-DROIT-PENAL-ACCIDENT-1.png\" alt=\"-Eliane-Adoul-Cannes-DIVORCE-DROIT-PENAL-ACCIDENT\" ><\/div><p class=\"wdes-testimonials-comment\" > <span>Je ne peux pas dire que j&#039;ai jamais eu une interaction moins que satisfaisante avec EliteHostingEurope au cours des 5 ann\u00e9es o\u00f9 j&#039;ai utilis\u00e9 leurs services et leur site Web. Cr\u00e9ation par \u00e9quipe tr\u00e8s rapide.<\/span><\/p><div class=\"wdes-testimonials-name\" ><span>\u00c9liane Adoul<\/span><\/div><div class=\"wdes-testimonials-position\" > <span>Client<\/span><\/div><div class=\"wdes-testimonials-rating\" data-rating=\"5\" > <span><i class=\"active-star fas fa-star\" aria-hidden=\"true\" ><\/i><i class=\"active-star fas fa-star\" aria-hidden=\"true\" ><\/i><i class=\"active-star fas fa-star\" aria-hidden=\"true\" ><\/i><i class=\"active-star fas fa-star\" aria-hidden=\"true\" ><\/i><i class=\"active-star fas fa-star\" aria-hidden=\"true\" ><\/i><\/span><\/div><\/div><\/div><\/div><div class=\"wdes-testimonials-item\" ><div class=\"wdes-testimonials-item-inner\" ><div class=\"wdes-testimonials-content\" ><div class=\"wdes-testimonials-image\" ><img decoding=\"async\" class=\"wdes-testimonials-image-tag\" src=\"https:\/\/elitehostingeurope.com\/wp-content\/uploads\/2022\/12\/Nettoyage-Auto-Moto-Bateau-Avion-Clean-PACA.png\" alt=\"Nettoyage-Auto-Moto-Bateau-Avion-Clean-PACA\" ><\/div><p class=\"wdes-testimonials-comment\" > <span>L&#039;exp\u00e9rience que j&#039;ai re\u00e7ue a \u00e9t\u00e9 excellente en ce qui concerne leur chat en direct du service client avec Bo. Il a fallu un peu de temps pour trouver le chat en direct, mais une fois que je l&#039;ai fait, le service \u00e9tait excellent<\/span><\/p><div class=\"wdes-testimonials-name\" ><span>Christophe Binet<\/span><\/div><div class=\"wdes-testimonials-position\" > <span>Client<\/span><\/div><div class=\"wdes-testimonials-rating\" data-rating=\"5\" > <span><i class=\"active-star fas fa-star\" aria-hidden=\"true\" ><\/i><i class=\"active-star fas fa-star\" aria-hidden=\"true\" ><\/i><i class=\"active-star fas fa-star\" aria-hidden=\"true\" ><\/i><i class=\"active-star fas fa-star\" aria-hidden=\"true\" ><\/i><i class=\"active-star fas fa-star\" aria-hidden=\"true\" ><\/i><\/span><\/div><\/div><\/div><\/div><div class=\"wdes-testimonials-item\" ><div class=\"wdes-testimonials-item-inner\" ><div class=\"wdes-testimonials-content\" ><div class=\"wdes-testimonials-image\" ><img decoding=\"async\" class=\"wdes-testimonials-image-tag\" src=\"https:\/\/elitehostingeurope.com\/wp-content\/uploads\/2022\/12\/Home-OneBestMarine.png\" alt=\"Accueil-OneBestMarine\" ><\/div><p class=\"wdes-testimonials-comment\" > <span>Rob a rendu mon exp\u00e9rience formidable !! Je n&#039;ai jamais \u00e9t\u00e9 trait\u00e9 avec autant de patience sur un probl\u00e8me technique que j&#039;ai eu. C&#039;est le service client de niveau sup\u00e9rieur\u00a0! le meilleur service !!!<\/span><\/p><div class=\"wdes-testimonials-name\" ><span>Victor Baudin<\/span><\/div><div class=\"wdes-testimonials-position\" > <span>Client<\/span><\/div><div class=\"wdes-testimonials-rating\" data-rating=\"5\" > <span><i class=\"active-star fas fa-star\" aria-hidden=\"true\" ><\/i><i class=\"active-star fas fa-star\" aria-hidden=\"true\" ><\/i><i class=\"active-star fas fa-star\" aria-hidden=\"true\" ><\/i><i class=\"active-star fas fa-star\" aria-hidden=\"true\" ><\/i><i class=\"active-star fas fa-star\" aria-hidden=\"true\" ><\/i><\/span><\/div><\/div><\/div><\/div><\/div><\/div>\t\t<\/div>\n\t\t\t\t<\/div>\n\t\t\t\t\t<\/div>\n\t\t<\/div>\n\t\t\t\t\t<\/div>\n\t\t<\/section>\n\t\t\t\t<section class=\"elementor-section elementor-top-section elementor-element elementor-element-29e0e88 elementor-section-boxed elementor-section-height-default elementor-section-height-default\" data-id=\"29e0e88\" data-element_type=\"section\" data-settings=\"{&quot;background_background&quot;:&quot;classic&quot;}\">\n\t\t\t\t\t\t<div class=\"elementor-container elementor-column-gap-default\">\n\t\t\t\t\t<div class=\"elementor-column elementor-col-100 elementor-top-column elementor-element elementor-element-cd6dbdd\" data-id=\"cd6dbdd\" data-element_type=\"column\">\n\t\t\t<div class=\"elementor-widget-wrap elementor-element-populated\">\n\t\t\t\t\t\t<div class=\"elementor-element elementor-element-aceb029 elementor-widget__width-initial elementor-widget-mobile__width-inherit elementor-widget elementor-widget-wdes-section-header-widget\" data-id=\"aceb029\" data-element_type=\"widget\" data-widget_type=\"wdes-section-header-widget.default\">\n\t\t\t\t<div class=\"elementor-widget-container\">\n\t\t\t<section class=\"widget-content wdes-widget-section-header\"><div class=\"wdes-widget-inner wdes-text-align-center\"><h1 class=\"wdes-section-header-primary\">Garantie satisfait ou rembours\u00e9 de 30 jours<\/h1><div class=\"wdes-section-header-description\">Si vous n&#039;\u00eates pas satisfait de nos services pour quelque raison que ce soit, nous vous rembourserons votre paiement. Pas de tracas, pas de risque.<\/div><\/div><\/section>\t\t<\/div>\n\t\t\t\t<\/div>\n\t\t\t\t\t<\/div>\n\t\t<\/div>\n\t\t\t\t\t<\/div>\n\t\t<\/section>\n\t\t\t\t<\/div>","protected":false},"excerpt":{"rendered":"<p>Nous construisons le web moderne Vous avez d\u00e9j\u00e0 un site web ? Donnez-lui la maison qu&#039;il m\u00e9rite. Avec des temps de chargement parmi les meilleurs de l&#039;industrie. Explorez les carri\u00e8res Trouvez l&#039;emploi de vos r\u00eaves avec nous. Info presse Ecrire ou parler de nous ? D\u00e9couvrez nos \u0153uvres Explorez toutes choses. Leadership Rencontrez notre \u00e9quipe de direction. Nos comp\u00e9tences et notre expertise Commencez par d\u00e9finir le probl\u00e8me. [\u2026]<\/p>","protected":false},"author":1,"featured_media":0,"parent":0,"menu_order":0,"comment_status":"closed","ping_status":"closed","template":"","meta":{"footnotes":""},"class_list":["post-583","page","type-page","status-publish","hentry"],"jetpack_sharing_enabled":true,"_links":{"self":[{"href":"https:\/\/elitehostingeurope.com\/fr\/wp-json\/wp\/v2\/pages\/583","targetHints":{"allow":["GET"]}}],"collection":[{"href":"https:\/\/elitehostingeurope.com\/fr\/wp-json\/wp\/v2\/pages"}],"about":[{"href":"https:\/\/elitehostingeurope.com\/fr\/wp-json\/wp\/v2\/types\/page"}],"author":[{"embeddable":true,"href":"https:\/\/elitehostingeurope.com\/fr\/wp-json\/wp\/v2\/users\/1"}],"replies":[{"embeddable":true,"href":"https:\/\/elitehostingeurope.com\/fr\/wp-json\/wp\/v2\/comments?post=583"}],"version-history":[{"count":28,"href":"https:\/\/elitehostingeurope.com\/fr\/wp-json\/wp\/v2\/pages\/583\/revisions"}],"predecessor-version":[{"id":1610,"href":"https:\/\/elitehostingeurope.com\/fr\/wp-json\/wp\/v2\/pages\/583\/revisions\/1610"}],"wp:attachment":[{"href":"https:\/\/elitehostingeurope.com\/fr\/wp-json\/wp\/v2\/media?parent=583"}],"curies":[{"name":"wp","href":"https:\/\/api.w.org\/{rel}","templated":true}]}}