{"id":2496,"date":"2024-06-03T12:47:14","date_gmt":"2024-06-03T12:47:14","guid":{"rendered":"https:\/\/elitehostingeurope.com\/?page_id=2496"},"modified":"2024-06-03T13:31:53","modified_gmt":"2024-06-03T13:31:53","slug":"youtube-monetization","status":"publish","type":"page","link":"https:\/\/elitehostingeurope.com\/fr\/monetisation-youtube\/","title":{"rendered":"Mon\u00e9tisation YouTube"},"content":{"rendered":"<div data-elementor-type=\"wp-page\" data-elementor-id=\"2496\" class=\"elementor elementor-2496\" data-elementor-post-type=\"page\">\n\t\t\t\t\t\t<section class=\"elementor-section elementor-top-section elementor-element elementor-element-26f1137 elementor-section-boxed elementor-section-height-default elementor-section-height-default\" data-id=\"26f1137\" data-element_type=\"section\">\n\t\t\t\t\t\t<div class=\"elementor-container elementor-column-gap-default\">\n\t\t\t\t\t<div class=\"elementor-column elementor-col-100 elementor-top-column elementor-element elementor-element-2e7b5e9\" data-id=\"2e7b5e9\" data-element_type=\"column\">\n\t\t\t<div class=\"elementor-widget-wrap elementor-element-populated\">\n\t\t\t\t\t\t<div class=\"elementor-element elementor-element-36cb380 elementor-widget elementor-widget-image\" data-id=\"36cb380\" data-element_type=\"widget\" data-widget_type=\"image.default\">\n\t\t\t\t<div class=\"elementor-widget-container\">\n\t\t\t<style>\/*! elementor - v3.22.0 - 26-06-2024 *\/\n.elementor-widget-image{text-align:center}.elementor-widget-image a{display:inline-block}.elementor-widget-image a img[src$=\".svg\"]{width:48px}.elementor-widget-image img{vertical-align:middle;display:inline-block}<\/style>\t\t\t\t\t\t\t\t\t\t<img fetchpriority=\"high\" decoding=\"async\" width=\"1920\" height=\"1080\" src=\"https:\/\/elitehostingeurope.com\/wp-content\/uploads\/2024\/05\/How-To-Promote-Music-in-2025-1.png\" class=\"attachment-full size-full wp-image-2315\" alt=\"\" srcset=\"https:\/\/elitehostingeurope.com\/wp-content\/uploads\/2024\/05\/How-To-Promote-Music-in-2025-1.png 1920w, https:\/\/elitehostingeurope.com\/wp-content\/uploads\/2024\/05\/How-To-Promote-Music-in-2025-1-300x169.png 300w, https:\/\/elitehostingeurope.com\/wp-content\/uploads\/2024\/05\/How-To-Promote-Music-in-2025-1-1024x576.png 1024w, https:\/\/elitehostingeurope.com\/wp-content\/uploads\/2024\/05\/How-To-Promote-Music-in-2025-1-768x432.png 768w, https:\/\/elitehostingeurope.com\/wp-content\/uploads\/2024\/05\/How-To-Promote-Music-in-2025-1-1536x864.png 1536w, https:\/\/elitehostingeurope.com\/wp-content\/uploads\/2024\/05\/How-To-Promote-Music-in-2025-1-18x10.png 18w, https:\/\/elitehostingeurope.com\/wp-content\/uploads\/2024\/05\/How-To-Promote-Music-in-2025-1-416x234.png 416w\" sizes=\"(max-width: 1920px) 100vw, 1920px\" \/>\t\t\t\t\t\t\t\t\t\t\t\t\t<\/div>\n\t\t\t\t<\/div>\n\t\t\t\t\t<\/div>\n\t\t<\/div>\n\t\t\t\t\t<\/div>\n\t\t<\/section>\n\t\t\t\t<section class=\"elementor-section elementor-top-section elementor-element elementor-element-cf00e2b elementor-section-boxed elementor-section-height-default elementor-section-height-default\" data-id=\"cf00e2b\" data-element_type=\"section\">\n\t\t\t\t\t\t<div class=\"elementor-container elementor-column-gap-default\">\n\t\t\t\t\t<div class=\"elementor-column elementor-col-100 elementor-top-column elementor-element elementor-element-aa47348\" data-id=\"aa47348\" data-element_type=\"column\">\n\t\t\t<div class=\"elementor-widget-wrap elementor-element-populated\">\n\t\t\t\t\t\t<div class=\"elementor-element elementor-element-4cf4cf5 elementor-widget elementor-widget-heading\" data-id=\"4cf4cf5\" data-element_type=\"widget\" data-widget_type=\"heading.default\">\n\t\t\t\t<div class=\"elementor-widget-container\">\n\t\t\t<style>\/*! elementor - v3.22.0 - 26-06-2024 *\/\n.elementor-heading-title{padding:0;margin:0;line-height:1}.elementor-widget-heading .elementor-heading-title[class*=elementor-size-]>a{color:inherit;font-size:inherit;line-height:inherit}.elementor-widget-heading .elementor-heading-title.elementor-size-small{font-size:15px}.elementor-widget-heading .elementor-heading-title.elementor-size-medium{font-size:19px}.elementor-widget-heading .elementor-heading-title.elementor-size-large{font-size:29px}.elementor-widget-heading .elementor-heading-title.elementor-size-xl{font-size:39px}.elementor-widget-heading .elementor-heading-title.elementor-size-xxl{font-size:59px}<\/style><h2 class=\"elementor-heading-title elementor-size-default\">Forfait de mon\u00e9tisation YouTube<\/h2>\t\t<\/div>\n\t\t\t\t<\/div>\n\t\t\t\t<div class=\"elementor-element elementor-element-c2cde6a elementor-widget elementor-widget-text-editor\" data-id=\"c2cde6a\" data-element_type=\"widget\" data-widget_type=\"text-editor.default\">\n\t\t\t\t<div class=\"elementor-widget-container\">\n\t\t\t<style>\/*! elementor - v3.22.0 - 26-06-2024 *\/\n.elementor-widget-text-editor.elementor-drop-cap-view-stacked .elementor-drop-cap{background-color:#69727d;color:#fff}.elementor-widget-text-editor.elementor-drop-cap-view-framed .elementor-drop-cap{color:#69727d;border:3px solid;background-color:transparent}.elementor-widget-text-editor:not(.elementor-drop-cap-view-default) .elementor-drop-cap{margin-top:8px}.elementor-widget-text-editor:not(.elementor-drop-cap-view-default) .elementor-drop-cap-letter{width:1em;height:1em}.elementor-widget-text-editor .elementor-drop-cap{float:left;text-align:center;line-height:1;font-size:50px}.elementor-widget-text-editor .elementor-drop-cap-letter{display:inline-block}<\/style>\t\t\t\t<p style=\"text-align: center;\">Aujourd&#039;hui, nous allons parler de la fa\u00e7on d&#039;augmenter les heures de visionnage sur votre cha\u00eene YouTube. Pour ce faire, nous aborderons plusieurs questions : les secrets cl\u00e9s qui vous aideront \u00e0&nbsp;<b>augmentez vos heures de visionnage sur YouTube<\/b>, qu&#039;est-ce que le contenu permanent et comment nous pouvons vous aider.<\/p>\n<h2 style=\"text-align: center;\">voici les raisons pour lesquelles vous avez besoin d&#039;une dur\u00e9e de visionnage plus longue<\/h2>\n<p><\/p>\n<ol>\n<li style=\"list-style-type: none;\">\n<ol>\n<li><b>Tout d\u2019abord, c\u2019est important pour la mon\u00e9tisation de YouTube.<\/b><\/li>\n<\/ol>\n<\/li>\n<\/ol>\n<p><ins>Trois conditions principales doivent \u00eatre remplies pour connecter la mon\u00e9tisation\u00a0:<\/ins><\/p>\n<ol>\n<li style=\"list-style-type: none;\">\n<ol>\n<li style=\"list-style-type: none;\">\n<ul>\n<li>La cha\u00eene doit respecter les r\u00e8gles de YouTube. La liste des r\u00e8gles est pr\u00e9sent\u00e9e aux utilisateurs lors de leur inscription sur la plateforme, vous pouvez \u00e9galement toujours les retrouver dans le menu, section \u00ab R\u00e8gles et s\u00e9curit\u00e9 \u00bb. Il est important que l&#039;auteur ne fasse l&#039;objet d&#039;aucune gr\u00e8ve ou d&#039;un avertissement\u00a0;<\/li>\n<li>Au cours des 12 derniers mois, la cha\u00eene doit avoir au moins&nbsp;<ins>4000 heures de visionnage sur YouTube<\/ins>. Il n&#039;est pas n\u00e9cessaire d&#039;attendre 12 mois, l&#039;essentiel est d&#039;avoir le nombre d&#039;heures requis ;<\/li>\n<li>La cha\u00eene YouTube doit compter au moins 1 000 abonn\u00e9s.<\/li>\n<\/ul>\n<\/li>\n<\/ol>\n<\/li>\n<\/ol>\n<ol>\n<li style=\"list-style-type: none;\">\n<ol>\n<li><b>Les algorithmes de YouTube sont \u00e9galement affect\u00e9s par la dur\u00e9e de visionnage.<\/b><\/li>\n<\/ol>\n<\/li>\n<\/ol>\n<p>Lorsque vous \u00eates beaucoup regard\u00e9, plus vous avez de chances d&#039;\u00eatre recommand\u00e9 \u00e0 des comptes li\u00e9s au th\u00e8me de vos vid\u00e9os YouTube. Les likes, les commentaires et les abonn\u00e9s sont importants pour atteindre le sommet de YouTube, tout comme les heures de visionnage. Les repr\u00e9sentants et le personnel de YouTube citent r\u00e9guli\u00e8rement la dur\u00e9e de visionnage comme une \u00ab mesure importante pour promouvoir la vid\u00e9o YouTube \u00bb. D\u00e9couvrons le secret cl\u00e9 de ce sujet\u00a0: c&#039;est&nbsp;<b>INCROYABLEMENT IMPORTANT<\/b>&nbsp;pour optimiser les 15 premi\u00e8res secondes de votre vid\u00e9o.<\/p>\n<p><b>La plupart des t\u00e9l\u00e9spectateurs partent dans les 15 premi\u00e8res secondes de visionnage. Pourquoi cela arrive-t-il?<\/b>&nbsp;Le plus souvent, cela se produit parce que le titre de la vid\u00e9o ou l&#039;image d&#039;aper\u00e7u ne correspond pas \u00e0 son contenu. L&#039;aper\u00e7u miniature YouTube et le titre de la vid\u00e9o doivent \u00eatre en harmonie avec le tout d\u00e9but de la vid\u00e9o. Ceci est fait pour que lorsqu&#039;une personne entre dans la vid\u00e9o, elle comprenne qu&#039;elle est au bon endroit.<\/p>\n<p>Par exemple, la vid\u00e9o s&#039;intitule \u00ab Les plus beaux endroits de Paris \u00bb. Le spectateur l\u2019ouvre et comprend imm\u00e9diatement que la vid\u00e9o parle r\u00e9ellement de la ville. C&#039;est diff\u00e9rent quand il ouvre la vid\u00e9o et qu&#039;il y a une introduction de l&#039;auteur, qui salue le spectateur pendant 30 secondes puis dit quelque chose sur un sujet distrait pendant encore 40 secondes. Tu ne peux pas faire \u00e7a, parce que&nbsp;<ins>les 15 premi\u00e8res secondes sont un moment tr\u00e8s crucial<\/ins>&nbsp;auquel vous devez int\u00e9resser votre spectateur. Au d\u00e9but, vous devez montrer ce qui va se passer dans la vid\u00e9o. Dans ce cas, le spectateur comprend imm\u00e9diatement d\u00e8s les premi\u00e8res secondes ce qui va se passer ensuite. Si vous disposez d&#039;une cha\u00eene de divertissement, alors dans les 15 premi\u00e8res secondes du d\u00e9but de la vid\u00e9o, vous pouvez r\u00e9aliser une mini-bande-annonce, un montage des moments les plus int\u00e9ressants.<\/p>\n<p>Lorsqu\u2019ils regardent des vid\u00e9os YouTube pour se divertir, les gens recherchent quelque chose d\u2019int\u00e9ressant. Il est n\u00e9cessaire d&#039;\u00e9voquer chez le spectateur un sentiment de \u00ab WOW, je dois savoir ce qui va se passer ensuite \u00bb. Vous devez donc absolument le rendre intrigant, en montrer les moments les plus int\u00e9ressants et les plus cool.<\/p>\n<ol>\n<li style=\"list-style-type: none;\">\n<ol>\n<li><b>NE PROLONGEZ PAS LE D\u00c9BUT\u00a0!<\/b><\/li>\n<\/ol>\n<\/li>\n<\/ol>\n<p>La prochaine erreur que font beaucoup de gens (en particulier ceux qui introduisent d\u00e9j\u00e0 des intrigues au d\u00e9but de leurs vid\u00e9os) est de retarder le processus. En effet, le d\u00e9lai ne devra pas d\u00e9passer 15 secondes. Tr\u00e8s souvent, les gens sautent un d\u00e9but trop long ou \u00e9teignent simplement la vid\u00e9o. Alors rappelez-vous : au d\u00e9but vous devez raconter votre vid\u00e9o, faire une intrigue de quinze secondes, rien d&#039;autre.<\/p>\t\t\t\t\t\t<\/div>\n\t\t\t\t<\/div>\n\t\t\t\t\t<\/div>\n\t\t<\/div>\n\t\t\t\t\t<\/div>\n\t\t<\/section>\n\t\t\t\t<section class=\"elementor-section elementor-top-section elementor-element elementor-element-cb8f788 elementor-section-boxed elementor-section-height-default elementor-section-height-default\" data-id=\"cb8f788\" data-element_type=\"section\">\n\t\t\t\t\t\t<div class=\"elementor-container elementor-column-gap-default\">\n\t\t\t\t\t<div class=\"elementor-column elementor-col-33 elementor-top-column elementor-element elementor-element-b525d2f\" data-id=\"b525d2f\" data-element_type=\"column\">\n\t\t\t<div class=\"elementor-widget-wrap elementor-element-populated\">\n\t\t\t\t\t\t<div class=\"elementor-element elementor-element-56bd701 elementor-widget elementor-widget-price-table\" data-id=\"56bd701\" data-element_type=\"widget\" data-widget_type=\"price-table.default\">\n\t\t\t\t<div class=\"elementor-widget-container\">\n\t\t\t<style>\/*! elementor-pro - v3.22.0 - 16-06-2024 *\/\n.elementor-widget-price-list .elementor-price-list{list-style:none;padding:0;margin:0}.elementor-widget-price-list .elementor-price-list li{margin:0}.elementor-price-list li:not(:last-child){margin-bottom:20px}.elementor-price-list .elementor-price-list-image{max-width:50%;flex-shrink:0;padding-inline-end:25px}.elementor-price-list .elementor-price-list-image img{width:100%}.elementor-price-list .elementor-price-list-header,.elementor-price-list .elementor-price-list-item,.elementor-price-list .elementor-price-list-text{display:flex}.elementor-price-list .elementor-price-list-item{align-items:flex-start}.elementor-price-list .elementor-price-list-item .elementor-price-list-text{align-items:flex-start;flex-wrap:wrap;flex-grow:1}.elementor-price-list .elementor-price-list-item .elementor-price-list-header{align-items:center;flex-basis:100%;font-size:19px;font-weight:600;margin-bottom:10px;justify-content:space-between}.elementor-price-list .elementor-price-list-item .elementor-price-list-title{max-width:80%}.elementor-price-list .elementor-price-list-item .elementor-price-list-price{font-weight:600}.elementor-price-list .elementor-price-list-item p.elementor-price-list-description{flex-basis:100%;font-size:14px;margin:0}.elementor-price-list .elementor-price-list-item .elementor-price-list-separator{flex-grow:1;margin-left:10px;margin-right:10px;border-bottom-style:dotted;border-bottom-width:2px;height:0}.elementor-price-table{text-align:center}.elementor-price-table .elementor-price-table__header{background:var(--e-price-table-header-background-color,#555);padding:20px 0}.elementor-price-table .elementor-price-table__heading{margin:0;padding:0;line-height:1.2;font-size:24px;font-weight:600;color:#fff}.elementor-price-table .elementor-price-table__subheading{font-size:13px;font-weight:400;color:#fff}.elementor-price-table .elementor-price-table__original-price{margin-inline-end:15px;text-decoration:line-through;font-size:.5em;line-height:1;font-weight:400;align-self:center}.elementor-price-table .elementor-price-table__original-price .elementor-price-table__currency{font-size:1em;margin:0}.elementor-price-table .elementor-price-table__price{display:flex;justify-content:center;align-items:center;flex-wrap:wrap;flex-direction:row;color:#555;font-weight:800;font-size:65px;padding:40px 0}.elementor-price-table .elementor-price-table__price .elementor-typo-excluded{line-height:normal;letter-spacing:normal;text-transform:none;font-weight:400;font-size:medium;font-style:normal}.elementor-price-table .elementor-price-table__after-price{display:flex;flex-wrap:wrap;text-align:start;align-self:stretch;align-items:flex-start;flex-direction:column}.elementor-price-table .elementor-price-table__integer-part{line-height:.8}.elementor-price-table .elementor-price-table__currency,.elementor-price-table .elementor-price-table__fractional-part{line-height:1;font-size:.3em}.elementor-price-table .elementor-price-table__currency{margin-inline-end:3px}.elementor-price-table .elementor-price-table__period{width:100%;font-size:13px;font-weight:400}.elementor-price-table .elementor-price-table__features-list{list-style-type:none;margin:0;padding:0;line-height:1;color:var(--e-price-table-features-list-color)}.elementor-price-table .elementor-price-table__features-list li{font-size:14px;line-height:1;margin:0;padding:0}.elementor-price-table .elementor-price-table__features-list li .elementor-price-table__feature-inner{margin-left:15px;margin-right:15px}.elementor-price-table .elementor-price-table__features-list li:not(:first-child):before{content:\"\";display:block;border:0 solid hsla(0,0%,47.8%,.3);margin:10px 12.5%}.elementor-price-table .elementor-price-table__features-list i{margin-inline-end:10px;font-size:1.3em}.elementor-price-table .elementor-price-table__features-list svg{margin-inline-end:10px;fill:var(--e-price-table-features-list-color);height:1.3em;width:1.3em}.elementor-price-table .elementor-price-table__features-list svg~*{vertical-align:text-top}.elementor-price-table .elementor-price-table__footer{padding:30px 0}.elementor-price-table .elementor-price-table__additional_info{margin:0;font-size:13px;line-height:1.4}.elementor-price-table__ribbon{position:absolute;top:0;left:auto;right:0;transform:rotate(90deg);width:150px;overflow:hidden;height:150px}.elementor-price-table__ribbon-inner{text-align:center;left:0;width:200%;transform:translateY(-50%) translateX(-50%) translateX(35px) rotate(-45deg);margin-top:35px;font-size:13px;line-height:2;font-weight:800;text-transform:uppercase;background:#000}.elementor-price-table__ribbon.elementor-ribbon-left{transform:rotate(0);left:0;right:auto}.elementor-price-table__ribbon.elementor-ribbon-right{transform:rotate(90deg);left:auto;right:0}.elementor-widget-price-table .elementor-widget-container{overflow:hidden;background-color:#f9fafa}.e-con-inner>.elementor-widget-price-list,.e-con>.elementor-widget-price-list{width:var(--container-widget-width);--flex-grow:var(--container-widget-flex-grow)}<\/style>\n\t\t<div class=\"elementor-price-table\">\n\t\t\t\t\t\t\t<div class=\"elementor-price-table__header\">\n\t\t\t\t\t\t\t\t\t\t\t<h3 class=\"elementor-price-table__heading\">\n\t\t\t\t\t\tMon\u00e9tisation YouTube\t\t\t\t\t\t<\/h3>\n\t\t\t\t\t\n\t\t\t\t\t\t\t\t\t\t\t<span class=\"elementor-price-table__subheading\">\n\t\t\t\t\t\t\tArgent\t\t\t\t\t\t<\/span>\n\t\t\t\t\t\t\t\t\t<\/div>\n\t\t\t\n\t\t\t<div class=\"elementor-price-table__price\">\n\t\t\t\t\t\t\t\t<span class=\"elementor-price-table__currency\">&#128;<\/span>\t\t\t\t\t\t\t\t\t<span class=\"elementor-price-table__integer-part\">\n\t\t\t\t\t\t199\t\t\t\t\t<\/span>\n\t\t\t\t\n\t\t\t\t\n\t\t\t\t\n\t\t\t\t\t\t\t\t\t<span class=\"elementor-price-table__period elementor-typo-excluded\">Une fois <\/span>\t\t\t\t\t\t\t<\/div>\n\n\t\t\t\t\t\t\t<ul class=\"elementor-price-table__features-list\">\n\t\t\t\t\t\t\t\t\t\t\t<li class=\"elementor-repeater-item-778482a\">\n\t\t\t\t\t\t\t<div class=\"elementor-price-table__feature-inner\">\n\t\t\t\t\t\t\t\t<i aria-hidden=\"true\" class=\"far fa-check-circle\"><\/i>\t\t\t\t\t\t\t\t\t\t\t\t\t\t\t\t\t<span >\n\t\t\t\t\t\t\t\t\t\t1000 heures\t\t\t\t\t\t\t\t\t<\/span>\n\t\t\t\t\t\t\t\t\t\t\t\t\t\t\t\t<\/div>\n\t\t\t\t\t\t<\/li>\n\t\t\t\t\t\t\t\t\t\t\t<li class=\"elementor-repeater-item-c1ca9bc\">\n\t\t\t\t\t\t\t<div class=\"elementor-price-table__feature-inner\">\n\t\t\t\t\t\t\t\t<i aria-hidden=\"true\" class=\"far fa-check-circle\"><\/i>\t\t\t\t\t\t\t\t\t\t\t\t\t\t\t\t\t<span >\n\t\t\t\t\t\t\t\t\t\t250 abonn\u00e9s\t\t\t\t\t\t\t\t\t<\/span>\n\t\t\t\t\t\t\t\t\t\t\t\t\t\t\t\t<\/div>\n\t\t\t\t\t\t<\/li>\n\t\t\t\t\t\t\t\t\t<\/ul>\n\t\t\t\n\t\t\t\t\t\t\t<div class=\"elementor-price-table__footer\">\n\t\t\t\t\t\t\t\t\t\t\t<a class=\"elementor-price-table__button elementor-button elementor-size-md\" href=\"https:\/\/elitehostingeurope.com\/clientarea\/store\/marketing-media\/youtube-monetization-package-1\">\n\t\t\t\t\t\t\tACHETER MAINTENANT\t\t\t\t\t\t<\/a>\n\t\t\t\t\t\n\t\t\t\t\t\t\t\t\t<\/div>\n\t\t\t\t\t<\/div>\n\n\t\t\t\t<\/div>\n\t\t\t\t<\/div>\n\t\t\t\t\t<\/div>\n\t\t<\/div>\n\t\t\t\t<div class=\"elementor-column elementor-col-33 elementor-top-column elementor-element elementor-element-b8e29b5\" data-id=\"b8e29b5\" data-element_type=\"column\">\n\t\t\t<div class=\"elementor-widget-wrap elementor-element-populated\">\n\t\t\t\t\t\t<div class=\"elementor-element elementor-element-c5d18fe elementor-widget elementor-widget-price-table\" data-id=\"c5d18fe\" data-element_type=\"widget\" data-widget_type=\"price-table.default\">\n\t\t\t\t<div class=\"elementor-widget-container\">\n\t\t\t\n\t\t<div class=\"elementor-price-table\">\n\t\t\t\t\t\t\t<div class=\"elementor-price-table__header\">\n\t\t\t\t\t\t\t\t\t\t\t<h3 class=\"elementor-price-table__heading\">\n\t\t\t\t\t\tMon\u00e9tisation YouTube\t\t\t\t\t\t<\/h3>\n\t\t\t\t\t\n\t\t\t\t\t\t\t\t\t\t\t<span class=\"elementor-price-table__subheading\">\n\t\t\t\t\t\t\tArgent\t\t\t\t\t\t<\/span>\n\t\t\t\t\t\t\t\t\t<\/div>\n\t\t\t\n\t\t\t<div class=\"elementor-price-table__price\">\n\t\t\t\t\t\t\t\t<span class=\"elementor-price-table__currency\">&#128;<\/span>\t\t\t\t\t\t\t\t\t<span class=\"elementor-price-table__integer-part\">\n\t\t\t\t\t\t399\t\t\t\t\t<\/span>\n\t\t\t\t\n\t\t\t\t\n\t\t\t\t\n\t\t\t\t\t\t\t\t\t<span class=\"elementor-price-table__period elementor-typo-excluded\">Une fois <\/span>\t\t\t\t\t\t\t<\/div>\n\n\t\t\t\t\t\t\t<ul class=\"elementor-price-table__features-list\">\n\t\t\t\t\t\t\t\t\t\t\t<li class=\"elementor-repeater-item-778482a\">\n\t\t\t\t\t\t\t<div class=\"elementor-price-table__feature-inner\">\n\t\t\t\t\t\t\t\t<i aria-hidden=\"true\" class=\"far fa-check-circle\"><\/i>\t\t\t\t\t\t\t\t\t\t\t\t\t\t\t\t\t<span >\n\t\t\t\t\t\t\t\t\t\t2000 heures\t\t\t\t\t\t\t\t\t<\/span>\n\t\t\t\t\t\t\t\t\t\t\t\t\t\t\t\t<\/div>\n\t\t\t\t\t\t<\/li>\n\t\t\t\t\t\t\t\t\t\t\t<li class=\"elementor-repeater-item-c1ca9bc\">\n\t\t\t\t\t\t\t<div class=\"elementor-price-table__feature-inner\">\n\t\t\t\t\t\t\t\t<i aria-hidden=\"true\" class=\"far fa-check-circle\"><\/i>\t\t\t\t\t\t\t\t\t\t\t\t\t\t\t\t\t<span >\n\t\t\t\t\t\t\t\t\t\t500 abonn\u00e9s\t\t\t\t\t\t\t\t\t<\/span>\n\t\t\t\t\t\t\t\t\t\t\t\t\t\t\t\t<\/div>\n\t\t\t\t\t\t<\/li>\n\t\t\t\t\t\t\t\t\t<\/ul>\n\t\t\t\n\t\t\t\t\t\t\t<div class=\"elementor-price-table__footer\">\n\t\t\t\t\t\t\t\t\t\t\t<a class=\"elementor-price-table__button elementor-button elementor-size-md\" href=\"https:\/\/elitehostingeurope.com\/clientarea\/store\/marketing-media\/youtube-monetization-package-2\">\n\t\t\t\t\t\t\tACHETER MAINTENANT\t\t\t\t\t\t<\/a>\n\t\t\t\t\t\n\t\t\t\t\t\t\t\t\t<\/div>\n\t\t\t\t\t<\/div>\n\n\t\t\t\t<\/div>\n\t\t\t\t<\/div>\n\t\t\t\t\t<\/div>\n\t\t<\/div>\n\t\t\t\t<div class=\"elementor-column elementor-col-33 elementor-top-column elementor-element elementor-element-2ce054f\" data-id=\"2ce054f\" data-element_type=\"column\">\n\t\t\t<div class=\"elementor-widget-wrap elementor-element-populated\">\n\t\t\t\t\t\t<div class=\"elementor-element elementor-element-8e0d774 elementor-widget elementor-widget-price-table\" data-id=\"8e0d774\" data-element_type=\"widget\" data-widget_type=\"price-table.default\">\n\t\t\t\t<div class=\"elementor-widget-container\">\n\t\t\t\n\t\t<div class=\"elementor-price-table\">\n\t\t\t\t\t\t\t<div class=\"elementor-price-table__header\">\n\t\t\t\t\t\t\t\t\t\t\t<h3 class=\"elementor-price-table__heading\">\n\t\t\t\t\t\tMon\u00e9tisation YouTube\t\t\t\t\t\t<\/h3>\n\t\t\t\t\t\n\t\t\t\t\t\t\t\t\t\t\t<span class=\"elementor-price-table__subheading\">\n\t\t\t\t\t\t\tArgent\t\t\t\t\t\t<\/span>\n\t\t\t\t\t\t\t\t\t<\/div>\n\t\t\t\n\t\t\t<div class=\"elementor-price-table__price\">\n\t\t\t\t\t\t\t\t<span class=\"elementor-price-table__currency\">&#128;<\/span>\t\t\t\t\t\t\t\t\t<span class=\"elementor-price-table__integer-part\">\n\t\t\t\t\t\t699\t\t\t\t\t<\/span>\n\t\t\t\t\n\t\t\t\t\n\t\t\t\t\n\t\t\t\t\t\t\t\t\t<span class=\"elementor-price-table__period elementor-typo-excluded\">Une fois <\/span>\t\t\t\t\t\t\t<\/div>\n\n\t\t\t\t\t\t\t<ul class=\"elementor-price-table__features-list\">\n\t\t\t\t\t\t\t\t\t\t\t<li class=\"elementor-repeater-item-778482a\">\n\t\t\t\t\t\t\t<div class=\"elementor-price-table__feature-inner\">\n\t\t\t\t\t\t\t\t<i aria-hidden=\"true\" class=\"far fa-check-circle\"><\/i>\t\t\t\t\t\t\t\t\t\t\t\t\t\t\t\t\t<span >\n\t\t\t\t\t\t\t\t\t\t4000 heures\t\t\t\t\t\t\t\t\t<\/span>\n\t\t\t\t\t\t\t\t\t\t\t\t\t\t\t\t<\/div>\n\t\t\t\t\t\t<\/li>\n\t\t\t\t\t\t\t\t\t\t\t<li class=\"elementor-repeater-item-c1ca9bc\">\n\t\t\t\t\t\t\t<div class=\"elementor-price-table__feature-inner\">\n\t\t\t\t\t\t\t\t<i aria-hidden=\"true\" class=\"far fa-check-circle\"><\/i>\t\t\t\t\t\t\t\t\t\t\t\t\t\t\t\t\t<span >\n\t\t\t\t\t\t\t\t\t\t1000 abonn\u00e9s\t\t\t\t\t\t\t\t\t<\/span>\n\t\t\t\t\t\t\t\t\t\t\t\t\t\t\t\t<\/div>\n\t\t\t\t\t\t<\/li>\n\t\t\t\t\t\t\t\t\t<\/ul>\n\t\t\t\n\t\t\t\t\t\t\t<div class=\"elementor-price-table__footer\">\n\t\t\t\t\t\t\t\t\t\t\t<a class=\"elementor-price-table__button elementor-button elementor-size-md\" href=\"https:\/\/elitehostingeurope.com\/clientarea\/store\/marketing-media\/youtube-monetization-package-3\">\n\t\t\t\t\t\t\tACHETER MAINTENANT\t\t\t\t\t\t<\/a>\n\t\t\t\t\t\n\t\t\t\t\t\t\t\t\t<\/div>\n\t\t\t\t\t<\/div>\n\n\t\t\t\t\t<div class=\"elementor-price-table__ribbon\">\n\t\t\t\t<div class=\"elementor-price-table__ribbon-inner\">\n\t\t\t\t\tPopulaire\t\t\t\t<\/div>\n\t\t\t<\/div>\n\t\t\t\t\t<\/div>\n\t\t\t\t<\/div>\n\t\t\t\t\t<\/div>\n\t\t<\/div>\n\t\t\t\t\t<\/div>\n\t\t<\/section>\n\t\t\t\t<\/div>","protected":false},"excerpt":{"rendered":"<p>Forfait de mon\u00e9tisation YouTube Aujourd&#039;hui, nous allons parler de la fa\u00e7on d&#039;augmenter les heures de visionnage sur votre cha\u00eene YouTube. Pour ce faire, nous aborderons plusieurs questions\u00a0: les secrets cl\u00e9s qui vous aideront \u00e0 augmenter vos heures de visionnage sur YouTube, ce qu&#039;est le contenu permanent et comment nous pouvons vous aider. voici les raisons pour lesquelles vous avez besoin d&#039;un [\u2026]<\/p>","protected":false},"author":1,"featured_media":0,"parent":0,"menu_order":0,"comment_status":"closed","ping_status":"closed","template":"","meta":{"footnotes":""},"class_list":["post-2496","page","type-page","status-publish","hentry"],"jetpack_sharing_enabled":true,"_links":{"self":[{"href":"https:\/\/elitehostingeurope.com\/fr\/wp-json\/wp\/v2\/pages\/2496","targetHints":{"allow":["GET"]}}],"collection":[{"href":"https:\/\/elitehostingeurope.com\/fr\/wp-json\/wp\/v2\/pages"}],"about":[{"href":"https:\/\/elitehostingeurope.com\/fr\/wp-json\/wp\/v2\/types\/page"}],"author":[{"embeddable":true,"href":"https:\/\/elitehostingeurope.com\/fr\/wp-json\/wp\/v2\/users\/1"}],"replies":[{"embeddable":true,"href":"https:\/\/elitehostingeurope.com\/fr\/wp-json\/wp\/v2\/comments?post=2496"}],"version-history":[{"count":59,"href":"https:\/\/elitehostingeurope.com\/fr\/wp-json\/wp\/v2\/pages\/2496\/revisions"}],"predecessor-version":[{"id":2559,"href":"https:\/\/elitehostingeurope.com\/fr\/wp-json\/wp\/v2\/pages\/2496\/revisions\/2559"}],"wp:attachment":[{"href":"https:\/\/elitehostingeurope.com\/fr\/wp-json\/wp\/v2\/media?parent=2496"}],"curies":[{"name":"wp","href":"https:\/\/api.w.org\/{rel}","templated":true}]}}