{"id":2142,"date":"2023-11-25T07:37:53","date_gmt":"2023-11-25T07:37:53","guid":{"rendered":"https:\/\/elitehostingeurope.com\/?page_id=2142"},"modified":"2024-05-01T06:50:25","modified_gmt":"2024-05-01T06:50:25","slug":"plugin-wordpress-pour-houzez-synchronisation-avec-apimo","status":"publish","type":"page","link":"https:\/\/elitehostingeurope.com\/fr\/plugin-wordpress-pour-houzez-synchronisation-avec-apimo\/","title":{"rendered":"Plugin WordPress pour Houzez : Synchronisation avec APIMO"},"content":{"rendered":"<div data-elementor-type=\"wp-page\" data-elementor-id=\"2142\" class=\"elementor elementor-2142\" data-elementor-post-type=\"page\">\n\t\t\t\t\t\t<section class=\"elementor-section elementor-top-section elementor-element elementor-element-47aabe1 elementor-section-boxed elementor-section-height-default elementor-section-height-default\" data-id=\"47aabe1\" data-element_type=\"section\">\n\t\t\t\t\t\t<div class=\"elementor-container elementor-column-gap-default\">\n\t\t\t\t\t<div class=\"elementor-column elementor-col-33 elementor-top-column elementor-element elementor-element-aef7b48\" data-id=\"aef7b48\" data-element_type=\"column\">\n\t\t\t<div class=\"elementor-widget-wrap\">\n\t\t\t\t\t\t\t<\/div>\n\t\t<\/div>\n\t\t\t\t<div class=\"elementor-column elementor-col-33 elementor-top-column elementor-element elementor-element-fd630d8\" data-id=\"fd630d8\" data-element_type=\"column\">\n\t\t\t<div class=\"elementor-widget-wrap elementor-element-populated\">\n\t\t\t\t\t\t<div class=\"elementor-element elementor-element-750b3b2 elementor-widget elementor-widget-image\" data-id=\"750b3b2\" data-element_type=\"widget\" data-widget_type=\"image.default\">\n\t\t\t\t<div class=\"elementor-widget-container\">\n\t\t\t<style>\/*! elementor - v3.22.0 - 26-06-2024 *\/\n.elementor-widget-image{text-align:center}.elementor-widget-image a{display:inline-block}.elementor-widget-image a img[src$=\".svg\"]{width:48px}.elementor-widget-image img{vertical-align:middle;display:inline-block}<\/style>\t\t\t\t\t\t\t\t\t\t\t<a href=\"https:\/\/buy.stripe.com\/00g9E9cDC6gq76w5kz\" target=\"_blank\" rel=\"noopener\">\n\t\t\t\t\t\t\t<img decoding=\"async\" width=\"200\" height=\"200\" src=\"https:\/\/elitehostingeurope.com\/wp-content\/uploads\/2023\/11\/images.jpeg\" class=\"attachment-large size-large wp-image-2141\" alt=\"\" srcset=\"https:\/\/elitehostingeurope.com\/wp-content\/uploads\/2023\/11\/images.jpeg 200w, https:\/\/elitehostingeurope.com\/wp-content\/uploads\/2023\/11\/images-150x150.jpeg 150w, https:\/\/elitehostingeurope.com\/wp-content\/uploads\/2023\/11\/images-12x12.jpeg 12w, https:\/\/elitehostingeurope.com\/wp-content\/uploads\/2023\/11\/images-100x100.jpeg 100w\" sizes=\"(max-width: 200px) 100vw, 200px\" \/>\t\t\t\t\t\t\t\t<\/a>\n\t\t\t\t\t\t\t\t\t\t\t\t\t<\/div>\n\t\t\t\t<\/div>\n\t\t\t\t\t<\/div>\n\t\t<\/div>\n\t\t\t\t<div class=\"elementor-column elementor-col-33 elementor-top-column elementor-element elementor-element-cf199c5\" data-id=\"cf199c5\" data-element_type=\"column\">\n\t\t\t<div class=\"elementor-widget-wrap\">\n\t\t\t\t\t\t\t<\/div>\n\t\t<\/div>\n\t\t\t\t\t<\/div>\n\t\t<\/section>\n\t\t\t\t<section class=\"elementor-section elementor-top-section elementor-element elementor-element-653895d elementor-section-boxed elementor-section-height-default elementor-section-height-default\" data-id=\"653895d\" data-element_type=\"section\">\n\t\t\t\t\t\t<div class=\"elementor-container elementor-column-gap-default\">\n\t\t\t\t\t<div class=\"elementor-column elementor-col-100 elementor-top-column elementor-element elementor-element-c671ced\" data-id=\"c671ced\" data-element_type=\"column\">\n\t\t\t<div class=\"elementor-widget-wrap elementor-element-populated\">\n\t\t\t\t\t\t<div class=\"elementor-element elementor-element-0180f93 elementor-widget elementor-widget-text-editor\" data-id=\"0180f93\" data-element_type=\"widget\" data-widget_type=\"text-editor.default\">\n\t\t\t\t<div class=\"elementor-widget-container\">\n\t\t\t<style>\/*! elementor - v3.22.0 - 26-06-2024 *\/\n.elementor-widget-text-editor.elementor-drop-cap-view-stacked .elementor-drop-cap{background-color:#69727d;color:#fff}.elementor-widget-text-editor.elementor-drop-cap-view-framed .elementor-drop-cap{color:#69727d;border:3px solid;background-color:transparent}.elementor-widget-text-editor:not(.elementor-drop-cap-view-default) .elementor-drop-cap{margin-top:8px}.elementor-widget-text-editor:not(.elementor-drop-cap-view-default) .elementor-drop-cap-letter{width:1em;height:1em}.elementor-widget-text-editor .elementor-drop-cap{float:left;text-align:center;line-height:1;font-size:50px}.elementor-widget-text-editor .elementor-drop-cap-letter{display:inline-block}<\/style>\t\t\t\t<p style=\"text-align: center;\"><strong>Plugin WordPress pour Houzez : Synchronisation avec APIMO<\/strong><\/p><p>\u00a0<\/p><p style=\"text-align: center;\">SyncPro APIMO pour Houzez<\/p><p><strong>Description :<\/strong><\/p><p>SyncPro APIMO pour Houzez est un plugin WordPress r\u00e9volutionnaire, sp\u00e9cialement con\u00e7u pour les utilisateurs du th\u00e8me immobilier Houzez. Ce plugin offre une solution compl\u00e8te pour synchroniser automatiquement toutes vos propri\u00e9t\u00e9s immobili\u00e8res r\u00e9pertori\u00e9es dans APIMO directement sur votre site WordPress utilisant Houzez.<\/p><p><strong>Fonctionnalit\u00e9s Cl\u00e9s :<\/strong><\/p><ol><li>Synchronisation Automatique : Le plugin synchronise automatiquement les listes de propri\u00e9t\u00e9s depuis APIMO vers votre site Houzez, assurant que vos annonces sont toujours \u00e0 jour.<\/li><li>Mise \u00e0 jour en Temps R\u00e9el : Les modifications sugg\u00e9r\u00e9es dans APIMO (prix, descriptions, images, etc.) sont imm\u00e9diatement refl\u00e9t\u00e9es sur votre site.<\/li><li>Gestion Facile : G\u00e9rez toutes vos propri\u00e9t\u00e9s depuis l&#039;interface APIMO, et voyez les changements se refl\u00e9ter automatiquement sur votre site.<\/li><li>Compatibilit\u00e9 Totale avec Houzez : Con\u00e7u pour fonctionner sans probl\u00e8me avec le th\u00e8me Houzez, garantissant une int\u00e9gration parfaite et une exp\u00e9rience utilisateur optimale.<\/li><li>Personnalisation des Donn\u00e9es Import\u00e9es : Choisissez quelles donn\u00e9es de propri\u00e9t\u00e9 importer depuis APIMO (photos, caract\u00e9ristiques, localisation, etc.).<\/li><li>Support Multilingue : Le plugin prend en charge plusieurs langues, permettant une port\u00e9e globale pour vos propri\u00e9t\u00e9s.<\/li><li>Optimisation SEO : Con\u00e7u pour \u00eatre SEO-friendly, assurant une meilleure visibilit\u00e9 de vos annonces immobili\u00e8res sur les moteurs de recherche.<\/li><li>Assistance et Mises \u00e0 Jour : Assistance d\u00e9di\u00e9e et mises \u00e0 jour r\u00e9guli\u00e8res pour assurer la compatibilit\u00e9 avec les derni\u00e8res versions de WordPress et Houzez.<\/li><\/ol><p>Id\u00e9al pour :<\/p><p>\u2013 Agences immobili\u00e8res utilisant APIMO et cherchant \u00e0 \u00e9tendre leur pr\u00e9sence en ligne avec un site WordPress.<\/p><p>\u2013 Professionnels de l&#039;immobilier souhaitant une solution automatis\u00e9e pour maintenir leurs listes \u00e0 jour.<\/p><p>Avec SyncPro APIMO pour Houzez, g\u00e9rez vos propri\u00e9t\u00e9s de mani\u00e8re plus efficace et offrez \u00e0 vos clients une exp\u00e9rience utilisateur am\u00e9lior\u00e9e, tout en maximisant votre pr\u00e9sence en ligne.<\/p>\t\t\t\t\t\t<\/div>\n\t\t\t\t<\/div>\n\t\t\t\t\t<\/div>\n\t\t<\/div>\n\t\t\t\t\t<\/div>\n\t\t<\/section>\n\t\t\t\t<section class=\"elementor-section elementor-top-section elementor-element elementor-element-e6d5f52 elementor-section-boxed elementor-section-height-default elementor-section-height-default\" data-id=\"e6d5f52\" data-element_type=\"section\">\n\t\t\t\t\t\t<div class=\"elementor-container elementor-column-gap-default\">\n\t\t\t\t\t<div class=\"elementor-column elementor-col-33 elementor-top-column elementor-element elementor-element-d6a5186\" data-id=\"d6a5186\" data-element_type=\"column\">\n\t\t\t<div class=\"elementor-widget-wrap\">\n\t\t\t\t\t\t\t<\/div>\n\t\t<\/div>\n\t\t\t\t<div class=\"elementor-column elementor-col-33 elementor-top-column elementor-element elementor-element-fab23d4\" data-id=\"fab23d4\" data-element_type=\"column\">\n\t\t\t<div class=\"elementor-widget-wrap elementor-element-populated\">\n\t\t\t\t\t\t<div class=\"elementor-element elementor-element-5c08355 elementor-grid-1 elementor-grid-tablet-3 elementor-grid-mobile-2 elementor-products-grid elementor-wc-products elementor-widget elementor-widget-woocommerce-products\" data-id=\"5c08355\" data-element_type=\"widget\" data-widget_type=\"woocommerce-products.default\">\n\t\t\t\t<div class=\"elementor-widget-container\">\n\t\t\t<link rel=\"stylesheet\" href=\"https:\/\/elitehostingeurope.com\/wp-content\/plugins\/elementor-pro\/assets\/css\/widget-woocommerce.min.css\"><div class=\"woocommerce columns-1\"><ul class=\"products elementor-grid columns-1\">\n<li class=\"product type-product post-2240 status-publish first instock product_cat-plugin product_tag-apimo product_tag-houzez has-post-thumbnail downloadable virtual purchasable product-type-simple\">\n\t<a href=\"https:\/\/elitehostingeurope.com\/fr\/shop\/apimo-sync-houzez\/\" class=\"woocommerce-LoopProduct-link woocommerce-loop-product__link\"><img decoding=\"async\" width=\"200\" height=\"200\" src=\"https:\/\/elitehostingeurope.com\/wp-content\/uploads\/2023\/11\/images.jpeg\" class=\"attachment-woocommerce_thumbnail size-woocommerce_thumbnail\" alt=\"\" srcset=\"https:\/\/elitehostingeurope.com\/wp-content\/uploads\/2023\/11\/images.jpeg 200w, https:\/\/elitehostingeurope.com\/wp-content\/uploads\/2023\/11\/images-150x150.jpeg 150w, https:\/\/elitehostingeurope.com\/wp-content\/uploads\/2023\/11\/images-12x12.jpeg 12w, https:\/\/elitehostingeurope.com\/wp-content\/uploads\/2023\/11\/images-100x100.jpeg 100w\" sizes=\"(max-width: 200px) 100vw, 200px\" \/><h2 class=\"woocommerce-loop-product__title\">APIMO SYNC HOUZEZ<\/h2>\n\t<span class=\"price\"><span class=\"woocommerce-Price-amount amount\"><bdi><span class=\"woocommerce-Price-currencySymbol\">\u20ac<\/span>199.00<\/bdi><\/span><\/span>\n<\/a><a href=\"?add-to-cart=2240\" aria-describedby=\"woocommerce_loop_add_to_cart_link_describedby_2240\" data-quantity=\"1\" class=\"button product_type_simple add_to_cart_button ajax_add_to_cart\" data-product_id=\"2240\" data-product_sku=\"\" aria-label=\"Ajouter au panier : \u00ab APIMO SYNC HOUZEZ \u00bb\" rel=\"nofollow\" data-no-translation=\"\" data-trp-gettext=\"\" data-no-translation-aria-label=\"\">Ajouter au panier<\/a><span id=\"woocommerce_loop_add_to_cart_link_describedby_2240\" class=\"screen-reader-text\">\n\t<\/span>\n<\/li>\n<\/ul>\n<\/div>\t\t<\/div>\n\t\t\t\t<\/div>\n\t\t\t\t\t<\/div>\n\t\t<\/div>\n\t\t\t\t<div class=\"elementor-column elementor-col-33 elementor-top-column elementor-element elementor-element-395929d\" data-id=\"395929d\" data-element_type=\"column\">\n\t\t\t<div class=\"elementor-widget-wrap\">\n\t\t\t\t\t\t\t<\/div>\n\t\t<\/div>\n\t\t\t\t\t<\/div>\n\t\t<\/section>\n\t\t\t\t<\/div>","protected":false},"excerpt":{"rendered":"<p>Plugin WordPress pour Houzez : Synchronisation avec APIMO SyncPro APIMO pour Houzez Description : SyncPro APIMO pour Houzez est un plugin WordPress r\u00e9volutionnaire, sp\u00e9cialement con\u00e7u pour les utilisateurs du th\u00e8me immobilier Houzez. Ce plugin offre une solution compl\u00e8te pour synchroniser automatiquement toutes vos propri\u00e9t\u00e9s immobili\u00e8res r\u00e9pertori\u00e9es dans APIMO directement sur votre site WordPress utilisant [\u2026]<\/p>","protected":false},"author":1,"featured_media":2141,"parent":0,"menu_order":0,"comment_status":"closed","ping_status":"closed","template":"","meta":{"footnotes":""},"class_list":["post-2142","page","type-page","status-publish","has-post-thumbnail","hentry"],"jetpack_sharing_enabled":true,"_links":{"self":[{"href":"https:\/\/elitehostingeurope.com\/fr\/wp-json\/wp\/v2\/pages\/2142","targetHints":{"allow":["GET"]}}],"collection":[{"href":"https:\/\/elitehostingeurope.com\/fr\/wp-json\/wp\/v2\/pages"}],"about":[{"href":"https:\/\/elitehostingeurope.com\/fr\/wp-json\/wp\/v2\/types\/page"}],"author":[{"embeddable":true,"href":"https:\/\/elitehostingeurope.com\/fr\/wp-json\/wp\/v2\/users\/1"}],"replies":[{"embeddable":true,"href":"https:\/\/elitehostingeurope.com\/fr\/wp-json\/wp\/v2\/comments?post=2142"}],"version-history":[{"count":43,"href":"https:\/\/elitehostingeurope.com\/fr\/wp-json\/wp\/v2\/pages\/2142\/revisions"}],"predecessor-version":[{"id":2245,"href":"https:\/\/elitehostingeurope.com\/fr\/wp-json\/wp\/v2\/pages\/2142\/revisions\/2245"}],"wp:featuredmedia":[{"embeddable":true,"href":"https:\/\/elitehostingeurope.com\/fr\/wp-json\/wp\/v2\/media\/2141"}],"wp:attachment":[{"href":"https:\/\/elitehostingeurope.com\/fr\/wp-json\/wp\/v2\/media?parent=2142"}],"curies":[{"name":"wp","href":"https:\/\/api.w.org\/{rel}","templated":true}]}}