{"id":994,"date":"2022-12-28T16:44:16","date_gmt":"2022-12-28T16:44:16","guid":{"rendered":"https:\/\/elitehostingeurope.com\/?page_id=994"},"modified":"2022-12-28T17:07:03","modified_gmt":"2022-12-28T17:07:03","slug":"company-uk-non-resident","status":"publish","type":"page","link":"https:\/\/elitehostingeurope.com\/es\/empresa-reino-unido-no-residente\/","title":{"rendered":"Empresa Reino Unido no residente"},"content":{"rendered":"<div data-elementor-type=\"wp-page\" data-elementor-id=\"994\" class=\"elementor elementor-994\" data-elementor-post-type=\"page\">\n\t\t\t\t\t\t<section class=\"elementor-section elementor-top-section elementor-element elementor-element-609ae20 elementor-section-boxed elementor-section-height-default elementor-section-height-default\" data-id=\"609ae20\" data-element_type=\"section\">\n\t\t\t\t\t\t<div class=\"elementor-container elementor-column-gap-default\">\n\t\t\t\t\t<div class=\"elementor-column elementor-col-100 elementor-top-column elementor-element elementor-element-773e240\" data-id=\"773e240\" data-element_type=\"column\">\n\t\t\t<div class=\"elementor-widget-wrap elementor-element-populated\">\n\t\t\t\t\t\t<div class=\"elementor-element elementor-element-e31c080 elementor-widget elementor-widget-image\" data-id=\"e31c080\" data-element_type=\"widget\" data-widget_type=\"image.default\">\n\t\t\t\t<div class=\"elementor-widget-container\">\n\t\t\t<style>\/*! elementor - v3.22.0 - 26-06-2024 *\/\n.elementor-widget-image{text-align:center}.elementor-widget-image a{display:inline-block}.elementor-widget-image a img[src$=\".svg\"]{width:48px}.elementor-widget-image img{vertical-align:middle;display:inline-block}<\/style>\t\t\t\t\t\t\t\t\t\t<img fetchpriority=\"high\" decoding=\"async\" width=\"1024\" height=\"357\" src=\"https:\/\/elitehostingeurope.com\/wp-content\/uploads\/2022\/12\/banner-011644956180-1024x357.png\" class=\"attachment-large size-large wp-image-1012\" alt=\"\" srcset=\"https:\/\/elitehostingeurope.com\/wp-content\/uploads\/2022\/12\/banner-011644956180-1024x357.png 1024w, https:\/\/elitehostingeurope.com\/wp-content\/uploads\/2022\/12\/banner-011644956180-416x145.png 416w, https:\/\/elitehostingeurope.com\/wp-content\/uploads\/2022\/12\/banner-011644956180-300x105.png 300w, https:\/\/elitehostingeurope.com\/wp-content\/uploads\/2022\/12\/banner-011644956180-768x268.png 768w, https:\/\/elitehostingeurope.com\/wp-content\/uploads\/2022\/12\/banner-011644956180-18x6.png 18w, https:\/\/elitehostingeurope.com\/wp-content\/uploads\/2022\/12\/banner-011644956180.png 1147w\" sizes=\"(max-width: 1024px) 100vw, 1024px\" \/>\t\t\t\t\t\t\t\t\t\t\t\t\t<\/div>\n\t\t\t\t<\/div>\n\t\t\t\t<div class=\"elementor-element elementor-element-b720fdc elementor-widget elementor-widget-spacer\" data-id=\"b720fdc\" data-element_type=\"widget\" data-widget_type=\"spacer.default\">\n\t\t\t\t<div class=\"elementor-widget-container\">\n\t\t\t<style>\/*! elementor - v3.22.0 - 26-06-2024 *\/\n.elementor-column .elementor-spacer-inner{height:var(--spacer-size)}.e-con{--container-widget-width:100%}.e-con-inner>.elementor-widget-spacer,.e-con>.elementor-widget-spacer{width:var(--container-widget-width,var(--spacer-size));--align-self:var(--container-widget-align-self,initial);--flex-shrink:0}.e-con-inner>.elementor-widget-spacer>.elementor-widget-container,.e-con>.elementor-widget-spacer>.elementor-widget-container{height:100%;width:100%}.e-con-inner>.elementor-widget-spacer>.elementor-widget-container>.elementor-spacer,.e-con>.elementor-widget-spacer>.elementor-widget-container>.elementor-spacer{height:100%}.e-con-inner>.elementor-widget-spacer>.elementor-widget-container>.elementor-spacer>.elementor-spacer-inner,.e-con>.elementor-widget-spacer>.elementor-widget-container>.elementor-spacer>.elementor-spacer-inner{height:var(--container-widget-height,var(--spacer-size))}.e-con-inner>.elementor-widget-spacer.elementor-widget-empty,.e-con>.elementor-widget-spacer.elementor-widget-empty{position:relative;min-height:22px;min-width:22px}.e-con-inner>.elementor-widget-spacer.elementor-widget-empty .elementor-widget-empty-icon,.e-con>.elementor-widget-spacer.elementor-widget-empty .elementor-widget-empty-icon{position:absolute;top:0;bottom:0;left:0;right:0;margin:auto;padding:0;width:22px;height:22px}<\/style>\t\t<div class=\"elementor-spacer\">\n\t\t\t<div class=\"elementor-spacer-inner\"><\/div>\n\t\t<\/div>\n\t\t\t\t<\/div>\n\t\t\t\t<\/div>\n\t\t\t\t<div class=\"elementor-element elementor-element-0fbe8b0 elementor-widget elementor-widget-heading\" data-id=\"0fbe8b0\" data-element_type=\"widget\" data-widget_type=\"heading.default\">\n\t\t\t\t<div class=\"elementor-widget-container\">\n\t\t\t<style>\/*! elementor - v3.22.0 - 26-06-2024 *\/\n.elementor-heading-title{padding:0;margin:0;line-height:1}.elementor-widget-heading .elementor-heading-title[class*=elementor-size-]>a{color:inherit;font-size:inherit;line-height:inherit}.elementor-widget-heading .elementor-heading-title.elementor-size-small{font-size:15px}.elementor-widget-heading .elementor-heading-title.elementor-size-medium{font-size:19px}.elementor-widget-heading .elementor-heading-title.elementor-size-large{font-size:29px}.elementor-widget-heading .elementor-heading-title.elementor-size-xl{font-size:39px}.elementor-widget-heading .elementor-heading-title.elementor-size-xxl{font-size:59px}<\/style><h1 class=\"elementor-heading-title elementor-size-large\">Paquete para no residentes con banca empresarial del Reino Unido<\/h1>\t\t<\/div>\n\t\t\t\t<\/div>\n\t\t\t\t<div class=\"elementor-element elementor-element-87e58cd elementor-widget elementor-widget-text-editor\" data-id=\"87e58cd\" data-element_type=\"widget\" data-widget_type=\"text-editor.default\">\n\t\t\t\t<div class=\"elementor-widget-container\">\n\t\t\t<style>\/*! elementor - v3.22.0 - 26-06-2024 *\/\n.elementor-widget-text-editor.elementor-drop-cap-view-stacked .elementor-drop-cap{background-color:#69727d;color:#fff}.elementor-widget-text-editor.elementor-drop-cap-view-framed .elementor-drop-cap{color:#69727d;border:3px solid;background-color:transparent}.elementor-widget-text-editor:not(.elementor-drop-cap-view-default) .elementor-drop-cap{margin-top:8px}.elementor-widget-text-editor:not(.elementor-drop-cap-view-default) .elementor-drop-cap-letter{width:1em;height:1em}.elementor-widget-text-editor .elementor-drop-cap{float:left;text-align:center;line-height:1;font-size:50px}.elementor-widget-text-editor .elementor-drop-cap-letter{display:inline-block}<\/style>\t\t\t\t<p style=\"text-align: center;\"><strong>\u00bfNo eres residente del Reino Unido? Establecer una sociedad limitada en el Reino Unido con una cuenta bancaria en el Reino Unido<\/strong><\/p>\t\t\t\t\t\t<\/div>\n\t\t\t\t<\/div>\n\t\t\t\t\t<\/div>\n\t\t<\/div>\n\t\t\t\t\t<\/div>\n\t\t<\/section>\n\t\t\t\t<section class=\"elementor-section elementor-top-section elementor-element elementor-element-bc97d46 elementor-section-boxed elementor-section-height-default elementor-section-height-default\" data-id=\"bc97d46\" data-element_type=\"section\">\n\t\t\t\t\t\t<div class=\"elementor-container elementor-column-gap-default\">\n\t\t\t\t\t<div class=\"elementor-column elementor-col-100 elementor-top-column elementor-element elementor-element-3ae8993\" data-id=\"3ae8993\" data-element_type=\"column\">\n\t\t\t<div class=\"elementor-widget-wrap elementor-element-populated\">\n\t\t\t\t\t\t<div class=\"elementor-element elementor-element-9fcd857 elementor-widget elementor-widget-text-editor\" data-id=\"9fcd857\" data-element_type=\"widget\" data-widget_type=\"text-editor.default\">\n\t\t\t\t<div class=\"elementor-widget-container\">\n\t\t\t\t\t\t\t<div class=\"compare-packages-panel__header\"><h3>Ideal para residentes fuera del Reino Unido<\/h3><div class=\"compare-packages-panel__actions\">Un paquete para no residentes que deseen establecer una sociedad limitada en el Reino Unido, que incluye:<\/div><\/div><div class=\"compare-packages-panel__body\"><div class=\"compare-packages-panel__columns\"><ul class=\"fa-ul\"><li><i class=\"fa-li fa fa-angle-right\"><\/i>registro de empresa en l\u00ednea en solo 3 a 6 horas h\u00e1biles<\/li><li><i class=\"fa-li fa fa-angle-right\"><\/i>Banca comercial sabia del Reino Unido<\/li><li><i class=\"fa-li fa fa-angle-right\"><\/i>prestigiosa oficina registrada y direcci\u00f3n comercial en Londres<\/li><li><i class=\"fa-li fa fa-angle-right\"><\/i>Env\u00edo mundial gratuito de documentos de la empresa.<\/li><li><i class=\"fa-li fa fa-angle-right\"><\/i>Protecci\u00f3n de cancelaci\u00f3n de 12 meses<\/li><li><i class=\"fa-li fa fa-angle-right\"><\/i>gerente de empresa en l\u00ednea gratis<\/li><li><i class=\"fa-li fa fa-angle-right\"><\/i>n\u00famero de tel\u00e9fono de la empresa durante 12 meses<\/li><\/ul><h4>banca comercial del Reino Unido<\/h4><p>Nos hemos asociado con Wise (anteriormente TransferWise) para ofrecer a nuestros clientes que no residen en el Reino Unido una cuenta comercial del Reino Unido para enviar, gastar y recibir m\u00faltiples divisas con el tipo de cambio real.<\/p><p>Obtendr\u00e1 su propio n\u00famero de cuenta y c\u00f3digo de clasificaci\u00f3n del Reino Unido, IBAN de la Eurozona y n\u00famero de cuenta y ruta de EE. UU. en minutos, independientemente de d\u00f3nde se encuentre en el mundo.<\/p><h4>Prestigiosos servicios de direcciones de Londres<\/h4><p>Tambi\u00e9n se incluye en el precio del paquete el uso de nuestra direcci\u00f3n de Covent Garden durante un a\u00f1o. Le proporcionaremos 3 servicios de direcci\u00f3n; Domicilio social, Direcci\u00f3n de servicio y Direcci\u00f3n comercial.<\/p><h4>Servicio de mantenimiento de la empresa.<\/h4><p>Otros beneficios incluyen acceso gratuito a nuestro administrador de empresa en l\u00ednea seguro, donde puede ver, mantener y cambiar los detalles de su empresa con Companies House durante la vida \u00fatil de su empresa.<\/p><\/div><\/div>\t\t\t\t\t\t<\/div>\n\t\t\t\t<\/div>\n\t\t\t\t<div class=\"elementor-element elementor-element-e1584b9 elementor-widget elementor-widget-button\" data-id=\"e1584b9\" data-element_type=\"widget\" data-widget_type=\"button.default\">\n\t\t\t\t<div class=\"elementor-widget-container\">\n\t\t\t\t\t<div class=\"elementor-button-wrapper\">\n\t\t\t<a class=\"elementor-button elementor-button-link elementor-size-md\" href=\"https:\/\/elitehostingeurope.com\/clientarea\/index.php?rp=\/store\/company-createion\/non-uk-residents-package\" target=\"_blank\">\n\t\t\t\t\t\t<span class=\"elementor-button-content-wrapper\">\n\t\t\t\t\t\t\t\t\t<span class=\"elementor-button-text\">Ordenar ahora<\/span>\n\t\t\t\t\t<\/span>\n\t\t\t\t\t<\/a>\n\t\t<\/div>\n\t\t\t\t<\/div>\n\t\t\t\t<\/div>\n\t\t\t\t\t<\/div>\n\t\t<\/div>\n\t\t\t\t\t<\/div>\n\t\t<\/section>\n\t\t\t\t<\/div>","protected":false},"excerpt":{"rendered":"<p>Paquete para no residentes con banca comercial del Reino Unido \u00bfNo es residente del Reino Unido? Establezca una sociedad de responsabilidad limitada en el Reino Unido con una cuenta bancaria en el Reino Unido Ideal para no residentes en el Reino Unido Un paquete para no residentes que deseen establecer una sociedad de responsabilidad limitada en el Reino Unido, que incluye: registro de la empresa en l\u00ednea en solo 3 a 6 horas h\u00e1biles Wise UK business banking prestigioso Londres [\u2026]<\/p>","protected":false},"author":1,"featured_media":0,"parent":0,"menu_order":0,"comment_status":"closed","ping_status":"closed","template":"","meta":{"footnotes":""},"class_list":["post-994","page","type-page","status-publish","hentry"],"jetpack_sharing_enabled":true,"_links":{"self":[{"href":"https:\/\/elitehostingeurope.com\/es\/wp-json\/wp\/v2\/pages\/994","targetHints":{"allow":["GET"]}}],"collection":[{"href":"https:\/\/elitehostingeurope.com\/es\/wp-json\/wp\/v2\/pages"}],"about":[{"href":"https:\/\/elitehostingeurope.com\/es\/wp-json\/wp\/v2\/types\/page"}],"author":[{"embeddable":true,"href":"https:\/\/elitehostingeurope.com\/es\/wp-json\/wp\/v2\/users\/1"}],"replies":[{"embeddable":true,"href":"https:\/\/elitehostingeurope.com\/es\/wp-json\/wp\/v2\/comments?post=994"}],"version-history":[{"count":25,"href":"https:\/\/elitehostingeurope.com\/es\/wp-json\/wp\/v2\/pages\/994\/revisions"}],"predecessor-version":[{"id":1023,"href":"https:\/\/elitehostingeurope.com\/es\/wp-json\/wp\/v2\/pages\/994\/revisions\/1023"}],"wp:attachment":[{"href":"https:\/\/elitehostingeurope.com\/es\/wp-json\/wp\/v2\/media?parent=994"}],"curies":[{"name":"wp","href":"https:\/\/api.w.org\/{rel}","templated":true}]}}