{"id":2142,"date":"2023-11-25T07:37:53","date_gmt":"2023-11-25T07:37:53","guid":{"rendered":"https:\/\/elitehostingeurope.com\/?page_id=2142"},"modified":"2024-05-01T06:50:25","modified_gmt":"2024-05-01T06:50:25","slug":"plugin-wordpress-pour-houzez-synchronisation-avec-apimo","status":"publish","type":"page","link":"https:\/\/elitehostingeurope.com\/es\/complemento-wordpress-pour-houzez-sincronizacion-avec-apimo\/","title":{"rendered":"Complemento de WordPress para Houzez: sincronizaci\u00f3n con APIMO"},"content":{"rendered":"<div data-elementor-type=\"wp-page\" data-elementor-id=\"2142\" class=\"elementor elementor-2142\" data-elementor-post-type=\"page\">\n\t\t\t\t\t\t<section class=\"elementor-section elementor-top-section elementor-element elementor-element-47aabe1 elementor-section-boxed elementor-section-height-default elementor-section-height-default\" data-id=\"47aabe1\" data-element_type=\"section\">\n\t\t\t\t\t\t<div class=\"elementor-container elementor-column-gap-default\">\n\t\t\t\t\t<div class=\"elementor-column elementor-col-33 elementor-top-column elementor-element elementor-element-aef7b48\" data-id=\"aef7b48\" data-element_type=\"column\">\n\t\t\t<div class=\"elementor-widget-wrap\">\n\t\t\t\t\t\t\t<\/div>\n\t\t<\/div>\n\t\t\t\t<div class=\"elementor-column elementor-col-33 elementor-top-column elementor-element elementor-element-fd630d8\" data-id=\"fd630d8\" data-element_type=\"column\">\n\t\t\t<div class=\"elementor-widget-wrap elementor-element-populated\">\n\t\t\t\t\t\t<div class=\"elementor-element elementor-element-750b3b2 elementor-widget elementor-widget-image\" data-id=\"750b3b2\" data-element_type=\"widget\" data-widget_type=\"image.default\">\n\t\t\t\t<div class=\"elementor-widget-container\">\n\t\t\t<style>\/*! elementor - v3.22.0 - 26-06-2024 *\/\n.elementor-widget-image{text-align:center}.elementor-widget-image a{display:inline-block}.elementor-widget-image a img[src$=\".svg\"]{width:48px}.elementor-widget-image img{vertical-align:middle;display:inline-block}<\/style>\t\t\t\t\t\t\t\t\t\t\t<a href=\"https:\/\/buy.stripe.com\/00g9E9cDC6gq76w5kz\" target=\"_blank\" rel=\"noopener\">\n\t\t\t\t\t\t\t<img decoding=\"async\" width=\"200\" height=\"200\" src=\"https:\/\/elitehostingeurope.com\/wp-content\/uploads\/2023\/11\/images.jpeg\" class=\"attachment-large size-large wp-image-2141\" alt=\"\" srcset=\"https:\/\/elitehostingeurope.com\/wp-content\/uploads\/2023\/11\/images.jpeg 200w, https:\/\/elitehostingeurope.com\/wp-content\/uploads\/2023\/11\/images-150x150.jpeg 150w, https:\/\/elitehostingeurope.com\/wp-content\/uploads\/2023\/11\/images-12x12.jpeg 12w, https:\/\/elitehostingeurope.com\/wp-content\/uploads\/2023\/11\/images-100x100.jpeg 100w\" sizes=\"(max-width: 200px) 100vw, 200px\" \/>\t\t\t\t\t\t\t\t<\/a>\n\t\t\t\t\t\t\t\t\t\t\t\t\t<\/div>\n\t\t\t\t<\/div>\n\t\t\t\t\t<\/div>\n\t\t<\/div>\n\t\t\t\t<div class=\"elementor-column elementor-col-33 elementor-top-column elementor-element elementor-element-cf199c5\" data-id=\"cf199c5\" data-element_type=\"column\">\n\t\t\t<div class=\"elementor-widget-wrap\">\n\t\t\t\t\t\t\t<\/div>\n\t\t<\/div>\n\t\t\t\t\t<\/div>\n\t\t<\/section>\n\t\t\t\t<section class=\"elementor-section elementor-top-section elementor-element elementor-element-653895d elementor-section-boxed elementor-section-height-default elementor-section-height-default\" data-id=\"653895d\" data-element_type=\"section\">\n\t\t\t\t\t\t<div class=\"elementor-container elementor-column-gap-default\">\n\t\t\t\t\t<div class=\"elementor-column elementor-col-100 elementor-top-column elementor-element elementor-element-c671ced\" data-id=\"c671ced\" data-element_type=\"column\">\n\t\t\t<div class=\"elementor-widget-wrap elementor-element-populated\">\n\t\t\t\t\t\t<div class=\"elementor-element elementor-element-0180f93 elementor-widget elementor-widget-text-editor\" data-id=\"0180f93\" data-element_type=\"widget\" data-widget_type=\"text-editor.default\">\n\t\t\t\t<div class=\"elementor-widget-container\">\n\t\t\t<style>\/*! elementor - v3.22.0 - 26-06-2024 *\/\n.elementor-widget-text-editor.elementor-drop-cap-view-stacked .elementor-drop-cap{background-color:#69727d;color:#fff}.elementor-widget-text-editor.elementor-drop-cap-view-framed .elementor-drop-cap{color:#69727d;border:3px solid;background-color:transparent}.elementor-widget-text-editor:not(.elementor-drop-cap-view-default) .elementor-drop-cap{margin-top:8px}.elementor-widget-text-editor:not(.elementor-drop-cap-view-default) .elementor-drop-cap-letter{width:1em;height:1em}.elementor-widget-text-editor .elementor-drop-cap{float:left;text-align:center;line-height:1;font-size:50px}.elementor-widget-text-editor .elementor-drop-cap-letter{display:inline-block}<\/style>\t\t\t\t<p style=\"text-align: center;\"><strong>Complemento WordPress para Houzez: Sincronizaci\u00f3n con APIMO<\/strong><\/p><p>\u00a0<\/p><p style=\"text-align: center;\">SyncPro APIMO para Houzez<\/p><p><strong>Descripci\u00f3n :<\/strong><\/p><p>SyncPro APIMO para Houzez es un complemento revolucionario de WordPress, dise\u00f1ado especialmente para los usuarios del tema inmobiliario Houzez. Este complemento ofrece una soluci\u00f3n completa para sincronizar autom\u00e1ticamente todas sus propiedades inmobiliarias listas en APIMO directamente en su sitio WordPress utilizando Houzez.<\/p><p><strong>Funciones claves:<\/strong><\/p><ol><li>Sincronizaci\u00f3n autom\u00e1tica: El complemento sincroniza autom\u00e1ticamente las listas de propiedades despu\u00e9s de APIMO con su sitio Houzez, asegurando que sus anuncios sean todos los d\u00edas.<\/li><li>Actualizaci\u00f3n del d\u00eda en tiempo real: Las modificaciones realizadas en APIMO (precios, descripciones, im\u00e1genes, etc.) se refl\u00e9tear\u00e1n inmediatamente en su sitio.<\/li><li>Gesti\u00f3n f\u00e1cil: obtenga todas sus propiedades despu\u00e9s de la interfaz APIMO y revise los cambios autom\u00e1ticamente en su sitio.<\/li><li>Compatibilidad total con Houzez: dise\u00f1ado para funcionar sin problemas con el tema Houzez, garantiza una integraci\u00f3n perfecta y una experiencia de uso \u00f3ptima.<\/li><li>Personnalisation des Donn\u00e9es Import\u00e9es : Choisissez quelles donn\u00e9es de propri\u00e9t\u00e9 importer depuis APIMO (fotos, caracter\u00edsticas, localizaci\u00f3n, etc.).<\/li><li>Soporte multiling\u00fce: El complemento admite m\u00e1s idiomas, lo que permite un puerto global para sus propietarios.<\/li><li>Optimizaci\u00f3n SEO: dise\u00f1ado para ser compatible con SEO, garantiza una mejor visibilidad de sus anuncios inmobiliarios en los motores de b\u00fasqueda.<\/li><li>Asistencia y Mises \u00e0 Jour: Asistencia d\u00e9di\u00e9e y mises \u00e0 jour r\u00e9guli\u00e8res para asegurar la compatibilidad con las \u00faltimas versiones de WordPress y Houzez.<\/li><\/ol><p>Ideal para:<\/p><p>\u2013 Agencias inmobiliarias que utilizan APIMO y buscan mantener su presencia en l\u00ednea con un sitio WordPress.<\/p><p>\u2013 Los profesionales del sector inmobiliario solicitan una soluci\u00f3n automatizada para mantener sus listas del d\u00eda.<\/p><p>Con SyncPro APIMO para Houzez, garantiza sus propiedades de manera m\u00e1s eficaz y ofrece a sus clientes una experiencia de uso mejorada, para maximizar su presencia en l\u00ednea.<\/p>\t\t\t\t\t\t<\/div>\n\t\t\t\t<\/div>\n\t\t\t\t\t<\/div>\n\t\t<\/div>\n\t\t\t\t\t<\/div>\n\t\t<\/section>\n\t\t\t\t<section class=\"elementor-section elementor-top-section elementor-element elementor-element-e6d5f52 elementor-section-boxed elementor-section-height-default elementor-section-height-default\" data-id=\"e6d5f52\" data-element_type=\"section\">\n\t\t\t\t\t\t<div class=\"elementor-container elementor-column-gap-default\">\n\t\t\t\t\t<div class=\"elementor-column elementor-col-33 elementor-top-column elementor-element elementor-element-d6a5186\" data-id=\"d6a5186\" data-element_type=\"column\">\n\t\t\t<div class=\"elementor-widget-wrap\">\n\t\t\t\t\t\t\t<\/div>\n\t\t<\/div>\n\t\t\t\t<div class=\"elementor-column elementor-col-33 elementor-top-column elementor-element elementor-element-fab23d4\" data-id=\"fab23d4\" data-element_type=\"column\">\n\t\t\t<div class=\"elementor-widget-wrap elementor-element-populated\">\n\t\t\t\t\t\t<div class=\"elementor-element elementor-element-5c08355 elementor-grid-1 elementor-grid-tablet-3 elementor-grid-mobile-2 elementor-products-grid elementor-wc-products elementor-widget elementor-widget-woocommerce-products\" data-id=\"5c08355\" data-element_type=\"widget\" data-widget_type=\"woocommerce-products.default\">\n\t\t\t\t<div class=\"elementor-widget-container\">\n\t\t\t<link rel=\"stylesheet\" href=\"https:\/\/elitehostingeurope.com\/wp-content\/plugins\/elementor-pro\/assets\/css\/widget-woocommerce.min.css\"><div class=\"woocommerce columns-1\"><ul class=\"products elementor-grid columns-1\">\n<li class=\"product type-product post-2240 status-publish first instock product_cat-plugin product_tag-apimo product_tag-houzez has-post-thumbnail downloadable virtual purchasable product-type-simple\">\n\t<a href=\"https:\/\/elitehostingeurope.com\/es\/shop\/apimo-sync-houzez\/\" class=\"woocommerce-LoopProduct-link woocommerce-loop-product__link\"><img decoding=\"async\" width=\"200\" height=\"200\" src=\"https:\/\/elitehostingeurope.com\/wp-content\/uploads\/2023\/11\/images.jpeg\" class=\"attachment-woocommerce_thumbnail size-woocommerce_thumbnail\" alt=\"\" srcset=\"https:\/\/elitehostingeurope.com\/wp-content\/uploads\/2023\/11\/images.jpeg 200w, https:\/\/elitehostingeurope.com\/wp-content\/uploads\/2023\/11\/images-150x150.jpeg 150w, https:\/\/elitehostingeurope.com\/wp-content\/uploads\/2023\/11\/images-12x12.jpeg 12w, https:\/\/elitehostingeurope.com\/wp-content\/uploads\/2023\/11\/images-100x100.jpeg 100w\" sizes=\"(max-width: 200px) 100vw, 200px\" \/><h2 class=\"woocommerce-loop-product__title\">APIMO SYNC HOUZEZ<\/h2>\n\t<span class=\"price\"><span class=\"woocommerce-Price-amount amount\"><bdi><span class=\"woocommerce-Price-currencySymbol\">\u20ac<\/span>199.00<\/bdi><\/span><\/span>\n<\/a><a href=\"?add-to-cart=2240\" aria-describedby=\"woocommerce_loop_add_to_cart_link_describedby_2240\" data-quantity=\"1\" class=\"button product_type_simple add_to_cart_button ajax_add_to_cart\" data-product_id=\"2240\" data-product_sku=\"\" aria-label=\"A\u00f1adir al carrito: \u201cAPIMO SYNC HOUZEZ\u201d\" rel=\"nofollow\" data-no-translation=\"\" data-trp-gettext=\"\" data-no-translation-aria-label=\"\">A\u00f1adir al carrito<\/a><span id=\"woocommerce_loop_add_to_cart_link_describedby_2240\" class=\"screen-reader-text\">\n\t<\/span>\n<\/li>\n<\/ul>\n<\/div>\t\t<\/div>\n\t\t\t\t<\/div>\n\t\t\t\t\t<\/div>\n\t\t<\/div>\n\t\t\t\t<div class=\"elementor-column elementor-col-33 elementor-top-column elementor-element elementor-element-395929d\" data-id=\"395929d\" data-element_type=\"column\">\n\t\t\t<div class=\"elementor-widget-wrap\">\n\t\t\t\t\t\t\t<\/div>\n\t\t<\/div>\n\t\t\t\t\t<\/div>\n\t\t<\/section>\n\t\t\t\t<\/div>","protected":false},"excerpt":{"rendered":"<p>Complemento WordPress para Houzez: Sincronizaci\u00f3n con APIMO SyncPro APIMO para Houzez Descripci\u00f3n: SyncPro APIMO para Houzez es un complemento revolucionario de WordPress, especialmente dise\u00f1ado para los usuarios del tema inmobiliario Houzez. Este complemento ofrece una soluci\u00f3n completa para sincronizar autom\u00e1ticamente todas sus propiedades inmobiliarias listas en APIMO directamente en su sitio WordPress utilizando [\u2026]<\/p>","protected":false},"author":1,"featured_media":2141,"parent":0,"menu_order":0,"comment_status":"closed","ping_status":"closed","template":"","meta":{"footnotes":""},"class_list":["post-2142","page","type-page","status-publish","has-post-thumbnail","hentry"],"jetpack_sharing_enabled":true,"_links":{"self":[{"href":"https:\/\/elitehostingeurope.com\/es\/wp-json\/wp\/v2\/pages\/2142","targetHints":{"allow":["GET"]}}],"collection":[{"href":"https:\/\/elitehostingeurope.com\/es\/wp-json\/wp\/v2\/pages"}],"about":[{"href":"https:\/\/elitehostingeurope.com\/es\/wp-json\/wp\/v2\/types\/page"}],"author":[{"embeddable":true,"href":"https:\/\/elitehostingeurope.com\/es\/wp-json\/wp\/v2\/users\/1"}],"replies":[{"embeddable":true,"href":"https:\/\/elitehostingeurope.com\/es\/wp-json\/wp\/v2\/comments?post=2142"}],"version-history":[{"count":43,"href":"https:\/\/elitehostingeurope.com\/es\/wp-json\/wp\/v2\/pages\/2142\/revisions"}],"predecessor-version":[{"id":2245,"href":"https:\/\/elitehostingeurope.com\/es\/wp-json\/wp\/v2\/pages\/2142\/revisions\/2245"}],"wp:featuredmedia":[{"embeddable":true,"href":"https:\/\/elitehostingeurope.com\/es\/wp-json\/wp\/v2\/media\/2141"}],"wp:attachment":[{"href":"https:\/\/elitehostingeurope.com\/es\/wp-json\/wp\/v2\/media?parent=2142"}],"curies":[{"name":"wp","href":"https:\/\/api.w.org\/{rel}","templated":true}]}}