{"id":2240,"date":"2024-05-01T06:47:04","date_gmt":"2024-05-01T06:47:04","guid":{"rendered":"https:\/\/elitehostingeurope.com\/?post_type=product&#038;p=2240"},"modified":"2025-04-12T12:07:31","modified_gmt":"2025-04-12T12:07:31","slug":"apimo-sync-houzez","status":"publish","type":"product","link":"https:\/\/elitehostingeurope.com\/de\/shop\/apimo-sync-houzez\/","title":{"rendered":"APIMO SYNC HOUZEZ"},"content":{"rendered":"<p>SyncPro APIMO f\u00fcr Houzez ist ein revolution\u00e4res WordPress-Plugin, speziell f\u00fcr die Nutzer des Houzez-Immobilienthemas. Dieses Plugin bietet eine vollst\u00e4ndige L\u00f6sung f\u00fcr die automatische Synchronisierung aller Immobilieneigent\u00fcmer, die \u00fcber APIMO auf Ihrer WordPress-Site unter Verwendung von Houzez aufgelistet sind.<\/p>","protected":false},"excerpt":{"rendered":"<p>SyncPro APIMO f\u00fcr Houzez ist ein revolution\u00e4res WordPress-Plugin, speziell f\u00fcr die Nutzer des Houzez-Immobilienthemas. Dieses Plugin bietet eine vollst\u00e4ndige L\u00f6sung f\u00fcr die automatische Synchronisierung aller Immobilieneigent\u00fcmer, die \u00fcber APIMO auf Ihrer WordPress-Site unter Verwendung von Houzez aufgelistet sind.<\/p>","protected":false},"featured_media":2141,"comment_status":"open","ping_status":"closed","template":"","meta":[],"product_cat":[38],"product_tag":[39,40],"class_list":{"0":"post-2240","1":"product","2":"type-product","3":"status-publish","4":"has-post-thumbnail","6":"product_cat-plugin","7":"product_tag-apimo","8":"product_tag-houzez","10":"first","11":"instock","12":"downloadable","13":"virtual","14":"purchasable","15":"product-type-simple"},"jetpack_sharing_enabled":true,"_links":{"self":[{"href":"https:\/\/elitehostingeurope.com\/de\/wp-json\/wp\/v2\/product\/2240","targetHints":{"allow":["GET"]}}],"collection":[{"href":"https:\/\/elitehostingeurope.com\/de\/wp-json\/wp\/v2\/product"}],"about":[{"href":"https:\/\/elitehostingeurope.com\/de\/wp-json\/wp\/v2\/types\/product"}],"replies":[{"embeddable":true,"href":"https:\/\/elitehostingeurope.com\/de\/wp-json\/wp\/v2\/comments?post=2240"}],"wp:featuredmedia":[{"embeddable":true,"href":"https:\/\/elitehostingeurope.com\/de\/wp-json\/wp\/v2\/media\/2141"}],"wp:attachment":[{"href":"https:\/\/elitehostingeurope.com\/de\/wp-json\/wp\/v2\/media?parent=2240"}],"wp:term":[{"taxonomy":"product_cat","embeddable":true,"href":"https:\/\/elitehostingeurope.com\/de\/wp-json\/wp\/v2\/product_cat?post=2240"},{"taxonomy":"product_tag","embeddable":true,"href":"https:\/\/elitehostingeurope.com\/de\/wp-json\/wp\/v2\/product_tag?post=2240"}],"curies":[{"name":"wp","href":"https:\/\/api.w.org\/{rel}","templated":true}]}}