{"id":994,"date":"2022-12-28T16:44:16","date_gmt":"2022-12-28T16:44:16","guid":{"rendered":"https:\/\/elitehostingeurope.com\/?page_id=994"},"modified":"2022-12-28T17:07:03","modified_gmt":"2022-12-28T17:07:03","slug":"company-uk-non-resident","status":"publish","type":"page","link":"https:\/\/elitehostingeurope.com\/de\/company-uk-non-resident\/","title":{"rendered":"Unternehmen nicht im Vereinigten K\u00f6nigreich ans\u00e4ssig"},"content":{"rendered":"<div data-elementor-type=\"wp-page\" data-elementor-id=\"994\" class=\"elementor elementor-994\" data-elementor-post-type=\"page\">\n\t\t\t\t\t\t<section class=\"elementor-section elementor-top-section elementor-element elementor-element-609ae20 elementor-section-boxed elementor-section-height-default elementor-section-height-default\" data-id=\"609ae20\" data-element_type=\"section\">\n\t\t\t\t\t\t<div class=\"elementor-container elementor-column-gap-default\">\n\t\t\t\t\t<div class=\"elementor-column elementor-col-100 elementor-top-column elementor-element elementor-element-773e240\" data-id=\"773e240\" data-element_type=\"column\">\n\t\t\t<div class=\"elementor-widget-wrap elementor-element-populated\">\n\t\t\t\t\t\t<div class=\"elementor-element elementor-element-e31c080 elementor-widget elementor-widget-image\" data-id=\"e31c080\" data-element_type=\"widget\" data-widget_type=\"image.default\">\n\t\t\t\t<div class=\"elementor-widget-container\">\n\t\t\t<style>\/*! elementor - v3.22.0 - 26-06-2024 *\/\n.elementor-widget-image{text-align:center}.elementor-widget-image a{display:inline-block}.elementor-widget-image a img[src$=\".svg\"]{width:48px}.elementor-widget-image img{vertical-align:middle;display:inline-block}<\/style>\t\t\t\t\t\t\t\t\t\t<img fetchpriority=\"high\" decoding=\"async\" width=\"1024\" height=\"357\" src=\"https:\/\/elitehostingeurope.com\/wp-content\/uploads\/2022\/12\/banner-011644956180-1024x357.png\" class=\"attachment-large size-large wp-image-1012\" alt=\"\" srcset=\"https:\/\/elitehostingeurope.com\/wp-content\/uploads\/2022\/12\/banner-011644956180-1024x357.png 1024w, https:\/\/elitehostingeurope.com\/wp-content\/uploads\/2022\/12\/banner-011644956180-416x145.png 416w, https:\/\/elitehostingeurope.com\/wp-content\/uploads\/2022\/12\/banner-011644956180-300x105.png 300w, https:\/\/elitehostingeurope.com\/wp-content\/uploads\/2022\/12\/banner-011644956180-768x268.png 768w, https:\/\/elitehostingeurope.com\/wp-content\/uploads\/2022\/12\/banner-011644956180-18x6.png 18w, https:\/\/elitehostingeurope.com\/wp-content\/uploads\/2022\/12\/banner-011644956180.png 1147w\" sizes=\"(max-width: 1024px) 100vw, 1024px\" \/>\t\t\t\t\t\t\t\t\t\t\t\t\t<\/div>\n\t\t\t\t<\/div>\n\t\t\t\t<div class=\"elementor-element elementor-element-b720fdc elementor-widget elementor-widget-spacer\" data-id=\"b720fdc\" data-element_type=\"widget\" data-widget_type=\"spacer.default\">\n\t\t\t\t<div class=\"elementor-widget-container\">\n\t\t\t<style>\/*! elementor - v3.22.0 - 26-06-2024 *\/\n.elementor-column .elementor-spacer-inner{height:var(--spacer-size)}.e-con{--container-widget-width:100%}.e-con-inner>.elementor-widget-spacer,.e-con>.elementor-widget-spacer{width:var(--container-widget-width,var(--spacer-size));--align-self:var(--container-widget-align-self,initial);--flex-shrink:0}.e-con-inner>.elementor-widget-spacer>.elementor-widget-container,.e-con>.elementor-widget-spacer>.elementor-widget-container{height:100%;width:100%}.e-con-inner>.elementor-widget-spacer>.elementor-widget-container>.elementor-spacer,.e-con>.elementor-widget-spacer>.elementor-widget-container>.elementor-spacer{height:100%}.e-con-inner>.elementor-widget-spacer>.elementor-widget-container>.elementor-spacer>.elementor-spacer-inner,.e-con>.elementor-widget-spacer>.elementor-widget-container>.elementor-spacer>.elementor-spacer-inner{height:var(--container-widget-height,var(--spacer-size))}.e-con-inner>.elementor-widget-spacer.elementor-widget-empty,.e-con>.elementor-widget-spacer.elementor-widget-empty{position:relative;min-height:22px;min-width:22px}.e-con-inner>.elementor-widget-spacer.elementor-widget-empty .elementor-widget-empty-icon,.e-con>.elementor-widget-spacer.elementor-widget-empty .elementor-widget-empty-icon{position:absolute;top:0;bottom:0;left:0;right:0;margin:auto;padding:0;width:22px;height:22px}<\/style>\t\t<div class=\"elementor-spacer\">\n\t\t\t<div class=\"elementor-spacer-inner\"><\/div>\n\t\t<\/div>\n\t\t\t\t<\/div>\n\t\t\t\t<\/div>\n\t\t\t\t<div class=\"elementor-element elementor-element-0fbe8b0 elementor-widget elementor-widget-heading\" data-id=\"0fbe8b0\" data-element_type=\"widget\" data-widget_type=\"heading.default\">\n\t\t\t\t<div class=\"elementor-widget-container\">\n\t\t\t<style>\/*! elementor - v3.22.0 - 26-06-2024 *\/\n.elementor-heading-title{padding:0;margin:0;line-height:1}.elementor-widget-heading .elementor-heading-title[class*=elementor-size-]>a{color:inherit;font-size:inherit;line-height:inherit}.elementor-widget-heading .elementor-heading-title.elementor-size-small{font-size:15px}.elementor-widget-heading .elementor-heading-title.elementor-size-medium{font-size:19px}.elementor-widget-heading .elementor-heading-title.elementor-size-large{font-size:29px}.elementor-widget-heading .elementor-heading-title.elementor-size-xl{font-size:39px}.elementor-widget-heading .elementor-heading-title.elementor-size-xxl{font-size:59px}<\/style><h1 class=\"elementor-heading-title elementor-size-large\">Non-Residents Package mit UK Business Banking<\/h1>\t\t<\/div>\n\t\t\t\t<\/div>\n\t\t\t\t<div class=\"elementor-element elementor-element-87e58cd elementor-widget elementor-widget-text-editor\" data-id=\"87e58cd\" data-element_type=\"widget\" data-widget_type=\"text-editor.default\">\n\t\t\t\t<div class=\"elementor-widget-container\">\n\t\t\t<style>\/*! elementor - v3.22.0 - 26-06-2024 *\/\n.elementor-widget-text-editor.elementor-drop-cap-view-stacked .elementor-drop-cap{background-color:#69727d;color:#fff}.elementor-widget-text-editor.elementor-drop-cap-view-framed .elementor-drop-cap{color:#69727d;border:3px solid;background-color:transparent}.elementor-widget-text-editor:not(.elementor-drop-cap-view-default) .elementor-drop-cap{margin-top:8px}.elementor-widget-text-editor:not(.elementor-drop-cap-view-default) .elementor-drop-cap-letter{width:1em;height:1em}.elementor-widget-text-editor .elementor-drop-cap{float:left;text-align:center;line-height:1;font-size:50px}.elementor-widget-text-editor .elementor-drop-cap-letter{display:inline-block}<\/style>\t\t\t\t<p style=\"text-align: center;\"><strong>Kein Einwohner des Vereinigten K\u00f6nigreichs? Gr\u00fcnden Sie eine britische Gesellschaft mit beschr\u00e4nkter Haftung mit einem britischen Bankkonto<\/strong><\/p>\t\t\t\t\t\t<\/div>\n\t\t\t\t<\/div>\n\t\t\t\t\t<\/div>\n\t\t<\/div>\n\t\t\t\t\t<\/div>\n\t\t<\/section>\n\t\t\t\t<section class=\"elementor-section elementor-top-section elementor-element elementor-element-bc97d46 elementor-section-boxed elementor-section-height-default elementor-section-height-default\" data-id=\"bc97d46\" data-element_type=\"section\">\n\t\t\t\t\t\t<div class=\"elementor-container elementor-column-gap-default\">\n\t\t\t\t\t<div class=\"elementor-column elementor-col-100 elementor-top-column elementor-element elementor-element-3ae8993\" data-id=\"3ae8993\" data-element_type=\"column\">\n\t\t\t<div class=\"elementor-widget-wrap elementor-element-populated\">\n\t\t\t\t\t\t<div class=\"elementor-element elementor-element-9fcd857 elementor-widget elementor-widget-text-editor\" data-id=\"9fcd857\" data-element_type=\"widget\" data-widget_type=\"text-editor.default\">\n\t\t\t\t<div class=\"elementor-widget-container\">\n\t\t\t\t\t\t\t<div class=\"compare-packages-panel__header\"><h3>Ideal f\u00fcr Einwohner au\u00dferhalb des Vereinigten K\u00f6nigreichs<\/h3><div class=\"compare-packages-panel__actions\">Ein Paket f\u00fcr Gebietsfremde, die eine Gesellschaft mit beschr\u00e4nkter Haftung im Vereinigten K\u00f6nigreich gr\u00fcnden m\u00f6chten, einschlie\u00dflich:<\/div><\/div><div class=\"compare-packages-panel__body\"><div class=\"compare-packages-panel__columns\"><ul class=\"fa-ul\"><li><i class=\"fa-li fa fa-angle-right\"><\/i>Online-Firmenregistrierung in nur 3 bis 6 Arbeitsstunden<\/li><li><i class=\"fa-li fa fa-angle-right\"><\/i>Kluges britisches Gesch\u00e4ftsbanking<\/li><li><i class=\"fa-li fa fa-angle-right\"><\/i>renommierter Sitz und Gesch\u00e4ftsadresse in London<\/li><li><i class=\"fa-li fa fa-angle-right\"><\/i>Kostenlose weltweite Zustellung von Unternehmensdokumenten<\/li><li><i class=\"fa-li fa fa-angle-right\"><\/i>12 Monate Stornoschutz<\/li><li><i class=\"fa-li fa fa-angle-right\"><\/i>kostenloser Online-Unternehmensmanager<\/li><li><i class=\"fa-li fa fa-angle-right\"><\/i>gesch\u00e4ftliche Telefonnummer f\u00fcr 12 Monate<\/li><\/ul><h4>Gesch\u00e4ftsbanken in Gro\u00dfbritannien<\/h4><p>Wir sind eine Partnerschaft mit Wise (ehemals TransferWise) eingegangen, um unseren nicht in Gro\u00dfbritannien ans\u00e4ssigen Kunden ein britisches Gesch\u00e4ftskonto anzubieten, mit dem sie mehrere W\u00e4hrungen zum echten Wechselkurs senden, ausgeben und empfangen k\u00f6nnen.<\/p><p>Sie erhalten Ihre eigene UK-Kontonummer und Bankleitzahl, Eurozonen-IBAN und US-Konto- und Bankleitzahl in wenigen Minuten, unabh\u00e4ngig davon, wo auf der Welt Sie sich befinden.<\/p><h4>Renommierte Londoner Adressdienste<\/h4><p>Ebenfalls im Paketpreis enthalten ist die Nutzung unserer Adresse in Covent Garden f\u00fcr ein Jahr. Wir stellen Ihnen 3 Adressdienste zur Verf\u00fcgung; Eingetragener Sitz, Dienstadresse und Gesch\u00e4ftsadresse.<\/p><h4>Firmenwartungsdienst<\/h4><p>Zu den weiteren Vorteilen geh\u00f6rt der kostenlose Zugriff auf unseren sicheren Online-Unternehmensmanager, in dem Sie Ihre Unternehmensdaten mit Companies House w\u00e4hrend der gesamten Lebensdauer Ihres Unternehmens anzeigen, verwalten und \u00e4ndern k\u00f6nnen.<\/p><\/div><\/div>\t\t\t\t\t\t<\/div>\n\t\t\t\t<\/div>\n\t\t\t\t<div class=\"elementor-element elementor-element-e1584b9 elementor-widget elementor-widget-button\" data-id=\"e1584b9\" data-element_type=\"widget\" data-widget_type=\"button.default\">\n\t\t\t\t<div class=\"elementor-widget-container\">\n\t\t\t\t\t<div class=\"elementor-button-wrapper\">\n\t\t\t<a class=\"elementor-button elementor-button-link elementor-size-md\" href=\"https:\/\/elitehostingeurope.com\/clientarea\/index.php?rp=\/store\/company-createion\/non-uk-residents-package\" target=\"_blank\">\n\t\t\t\t\t\t<span class=\"elementor-button-content-wrapper\">\n\t\t\t\t\t\t\t\t\t<span class=\"elementor-button-text\">Jetzt bestellen<\/span>\n\t\t\t\t\t<\/span>\n\t\t\t\t\t<\/a>\n\t\t<\/div>\n\t\t\t\t<\/div>\n\t\t\t\t<\/div>\n\t\t\t\t\t<\/div>\n\t\t<\/div>\n\t\t\t\t\t<\/div>\n\t\t<\/section>\n\t\t\t\t<\/div>","protected":false},"excerpt":{"rendered":"<p>Non-Residents Package mit UK Business Banking Sie sind nicht im Vereinigten K\u00f6nigreich ans\u00e4ssig? Gr\u00fcnden Sie eine Gesellschaft mit beschr\u00e4nkter Haftung im Vereinigten K\u00f6nigreich mit einem Bankkonto im Vereinigten K\u00f6nigreich. Ideal f\u00fcr nicht im Vereinigten K\u00f6nigreich ans\u00e4ssige Personen. Ein Paket f\u00fcr nicht im Vereinigten K\u00f6nigreich ans\u00e4ssige Personen, die eine Gesellschaft mit beschr\u00e4nkter Haftung im Vereinigten K\u00f6nigreich gr\u00fcnden m\u00f6chten, einschlie\u00dflich: Online-Firmenregistrierung in nur 3 bis 6 Arbeitsstunden London [\u2026]<\/p>","protected":false},"author":1,"featured_media":0,"parent":0,"menu_order":0,"comment_status":"closed","ping_status":"closed","template":"","meta":{"footnotes":""},"class_list":["post-994","page","type-page","status-publish","hentry"],"jetpack_sharing_enabled":true,"_links":{"self":[{"href":"https:\/\/elitehostingeurope.com\/de\/wp-json\/wp\/v2\/pages\/994","targetHints":{"allow":["GET"]}}],"collection":[{"href":"https:\/\/elitehostingeurope.com\/de\/wp-json\/wp\/v2\/pages"}],"about":[{"href":"https:\/\/elitehostingeurope.com\/de\/wp-json\/wp\/v2\/types\/page"}],"author":[{"embeddable":true,"href":"https:\/\/elitehostingeurope.com\/de\/wp-json\/wp\/v2\/users\/1"}],"replies":[{"embeddable":true,"href":"https:\/\/elitehostingeurope.com\/de\/wp-json\/wp\/v2\/comments?post=994"}],"version-history":[{"count":25,"href":"https:\/\/elitehostingeurope.com\/de\/wp-json\/wp\/v2\/pages\/994\/revisions"}],"predecessor-version":[{"id":1023,"href":"https:\/\/elitehostingeurope.com\/de\/wp-json\/wp\/v2\/pages\/994\/revisions\/1023"}],"wp:attachment":[{"href":"https:\/\/elitehostingeurope.com\/de\/wp-json\/wp\/v2\/media?parent=994"}],"curies":[{"name":"wp","href":"https:\/\/api.w.org\/{rel}","templated":true}]}}